{"id":532,"date":"2022-08-02T14:19:21","date_gmt":"2022-08-02T12:19:21","guid":{"rendered":"https:\/\/cardiosurvivor.ch\/startseite\/"},"modified":"2024-06-24T11:34:23","modified_gmt":"2024-06-24T09:34:23","slug":"startseite","status":"publish","type":"page","link":"https:\/\/cardiosurvivor.ch\/fr\/","title":{"rendered":"Home"},"content":{"rendered":"<div  class=\"page-section style-default order-xs-reversed\">\n\t<div class=\"section-grid grid-layout\"><div  style=\"--grid-layout-index: 1; --col-xs: 2; --col-sm: 2; --col-md: 1; --col-lg: 1; --col-xl: 1\" class=\"section-item\"><div class=\"cell style-default\"><h2>Contexte<\/h2>\n<p>Gr\u00e2ce aux \u00e9normes progr\u00e8s de la m\u00e9decine au cours des derni\u00e8res d\u00e9cennies, la plupart des enfants atteints d&#8217;un cancer peuvent aujourd&#8217;hui \u00eatre gu\u00e9ris. La plupart des ancien.ne.s patient.e.s sont en tr\u00e8s bonne sant\u00e9. Cependant, le cancer et son traitement peuvent laisser des probl\u00e8mes de sant\u00e9 l\u00e9gers \u00e0 graves chez certain.e.s ancien.ne.s patient.e.s.<br \/>\nUne connaissance approfondie des probl\u00e8mes de sant\u00e9 apr\u00e8s un cancer est essentielle pour am\u00e9liorer le traitement et le suivi m\u00e9dical. Il est donc important d&#8217;apprendre davantage sur l&#8217;\u00e9tat de sant\u00e9 des survivant.e.s du cancer de l&#8217;enfant plusieurs ann\u00e9es apr\u00e8s le diagnostic.<br \/>\nUne chimioth\u00e9rapie ou une radioth\u00e9rapie au niveau de la cage thoracique peut provoquer des probl\u00e8mes cardiaques chez certains patients, comme par exemple une l\u00e9sion du muscle cardiaque. Celle-ci peut passer inaper\u00e7ue pour le\/la patient.e pendant longtemps, mais peut \u00eatre visible \u00e0 l&#8217;\u00e9chographie cardiaque. C&#8217;est pourquoi il est important de d\u00e9tecter des probl\u00e8mes cardiaques de fa\u00e7on anticip\u00e9e afin de mettre en place un traitement personnalis\u00e9 et de pr\u00e9server la sant\u00e9 du c\u0153ur.<\/p>\n<\/div><\/div><div  style=\"--grid-layout-index: 2; --col-xs: 2; --col-sm: 2; --col-md: 1; --col-lg: 1; --col-xl: 1\" class=\"section-item\"><div class=\"cell illustration-cell style-dark-blue align-horizontal-center align-vertical-center\">\n\t\t<svg focusable=\"false\" xmlns=\"http:\/\/www.w3.org\/2000\/svg\" width=\"680\" height=\"600\" viewBox=\"0 0 680 600\"><desc>herz<\/desc>\n  <path d=\"M75.484 339.93 336.49 597.772c2.995 2.97 7.988 2.97 10.983 0l267.196-265.07c81.376-80.7 87.567-205.461 13.879-278.536-73.689-73.075-199.598-66.837-280.975 13.862a62.108 62.108 0 0 1-5.492 5.05c-3.794-3.96-5.292-4.95-8.986-8.615C251.717-16.236 125.209-21.78 51.52 51.294-22.068 124.171-16.077 248.34 64.7 329.137l10.784 10.892\" fill=\"#4EDB29\" fill-rule=\"nonzero\"><\/path>\n<\/svg>\n\n<\/div><\/div><\/div>\n<\/div><div  class=\"page-section style-light-beige\">\n\t<div class=\"section-grid grid-layout\"><div  style=\"--grid-layout-index: 1; --col-xs: 2; --col-sm: 2; --col-md: 2; --col-lg: 2; --col-xl: 2\" class=\"section-item\"><div class=\"cell style-default\"><h2>Pour survivant.e.s<\/h2>\n<p>C&#8217;est pourquoi nous aimerions vous inviter \u00e0 notre consultation de suivi cardiaque. L&#8217;examen aura lieu dans l&#8217;h\u00f4pital pour adultes o\u00f9 vous avez re\u00e7u votre traitement anticanc\u00e9reux lorsque vous \u00e9tiez enfant et durera environ deux heures. L&#8217;examen sera effectu\u00e9 par les sp\u00e9cialistes du c\u0153ur et comprendra notamment une \u00e9chographie cardiaque et un test d&#8217;effort cardiovasculaire. Une courte partie d&#8217;\u00e9tude suppl\u00e9mentaire nous permettra de recueillir des informations g\u00e9n\u00e9rales sur votre \u00e9tat de sant\u00e9 \u00e0 la fin des examens, afin d&#8217;acqu\u00e9rir de nouvelles connaissances qui b\u00e9n\u00e9ficient les g\u00e9n\u00e9rations futures de survivant.e.s du cancer de l&#8217;enfant.<\/p>\n<\/div><\/div><div  style=\"--grid-layout-index: 2; --col-xs: 2; --col-sm: 2; --col-md: 1; --col-lg: 1; --col-xl: 1\" class=\"section-item\"><div class=\"cell style-default\"><div class=\"buttons\">\n\t<div class=\"button-group\">\n\n\t\t\t<a\n\t\t\t\thref=\"https:\/\/cardiosurvivor.ch\/ablauf-der-sprechstunde\/\" class=\"button style-default\"\n\t\t\t>\n\t\t\t\tD\u00e9roulement de la consultation\n\t\t\t<\/a>\n\t<\/div>\n<\/div><\/div><\/div><div  style=\"--grid-layout-index: 3; --col-xs: 2; --col-sm: 2; --col-md: 1; --col-lg: 1; --col-xl: 1\" class=\"section-item\"><div class=\"cell style-default\"><div class=\"buttons\">\n\t<div class=\"button-group\">\n\n\t\t\t<a\n\t\t\t\thref=\"https:\/\/cardiosurvivor.ch\/faq\/\" class=\"button style-default\"\n\t\t\t>\n\t\t\t\tFAQ\n\t\t\t<\/a>\n\t<\/div>\n<\/div><\/div><\/div><\/div>\n<\/div><div  class=\"page-section style-default\">\n\t<div class=\"section-grid grid-layout\"><div  style=\"--grid-layout-index: 1; --col-xs: 2; --col-sm: 2; --col-md: 1; --col-lg: 1; --col-xl: 1\" class=\"section-item\"><div class=\"cell illustration-cell style-light-red align-horizontal-center align-vertical-end\">\n\t\t<svg focusable=\"false\" xmlns=\"http:\/\/www.w3.org\/2000\/svg\" width=\"469\" height=\"280\" viewBox=\"0 0 469 280\"><desc>sofa<\/desc>\n  <g transform=\"translate(1.3 1.5)\" fill=\"none\" fill-rule=\"evenodd\">\n    <path d=\"M233.2 94.6C125.6 94.6 38.4 115 38.4 140v166.5H428V139.9c0-25-87.2-45.3-194.7-45.3Z\" stroke=\"#243363\" stroke-width=\"2.5\" fill=\"#FA6776\" fill-rule=\"nonzero\"><\/path>\n    <g transform=\"translate(18.4)\">\n      <path d=\"M101.8 53.3a13 13 0 0 0 3.8 1.5c4.8 1 15.8 3.4 20.8 4.7 0 0 6.4 1.8 4.1 5.8-.4.7-1.1 1.2-2 1.3l-19 2.7s7.4 26.2-9.1 40.7c0 0-26.4 19-42.1 23.5l-4.6-21-3.8-63.6s31.9-7.3 51.9 4.4Z\" stroke=\"#243365\" stroke-width=\"2.5\" fill=\"#FFE5C9\" fill-rule=\"nonzero\"><\/path>\n      <path d=\"M87.8 79.5s8.6 7.1 23.3.6\" stroke=\"#243365\" stroke-width=\"2.5\" stroke-linecap=\"round\"><\/path>\n      <path d=\"M53.7 112.5c-14.4 5.1-12.9-6.7-12.9-6.7-12.1 6.4-11.1-6.1-11.1-6.1-11.4 4.2-9.1-6.5-9.1-6.5-10.8 2.2-8-8.2-8-8.2C.5 80.6 9.2 72.9 9.2 72.9c-10.6-2.3-4.8-10.7-4.8-10.7-9.7-5.8 0-11 0-11-6.1-8.1 3.2-8.6 3.2-8.6-5.7-7.4 3.6-8.7 3.6-8.7-2.7-12 7.3-7.6 7.3-7.6-5-10.3 6.4-8.4 6.4-8.4-2.8-10.8 7.8-7 7.8-7C31 .4 42 6 42 6c4-10 11.3-1.8 11.3-1.8 6.4-9.5 11.7 0 11.7 0 4.3-6.4 9.3 1.2 9.3 1.2 6.4-4.2 9 3 9 3 7.6-4 8.9 4.6 8.9 4.6 10 2.1 4 9.7 4 9.7 11.4 2 5 10.8 5 10.8 7.3 7.3-1 11.3-1 11.3 6.2 2.2 3.2 9.5 3.2 9.5S91.8 46.7 80 47c0 0-2.2 14.6-8.7 20 0 0-16.6-7.7-14 7.4.1 1.1.5 2.2 1 3.2.8 1.6 2.3 3.8 4.8 5.4 1.3.7 1.7 2.3 1.1 3.6l-2.3 5-8.3 20.9Z\" fill=\"#243365\" fill-rule=\"nonzero\"><\/path>\n      <circle fill=\"#243365\" fill-rule=\"nonzero\" cx=\"98.1\" cy=\"65.7\" r=\"2.3\"><\/circle>\n    <\/g>\n    <path d=\"M68.5 144s-3.6-24.3 18-27.2c0 0 16.5-4.3 24.5 22.2 0 0 9.8 24 19.5 34.2a4.3 4.3 0 0 0 6.3 0l37.8-41.8c1.3-1.4 2.7-2.7 4.2-3.9l2-1.6c2-1.5 6-3.5 8.4-4.1l11.3-4.1s16-7.1 14.2 1L189.8 135c-1.6 1-3 2.5-4 4l-27 42.5 64.6-53.2s25.7-24 53.2-7l93 41.6 25.7-27.5c2.7-8 8.9-5.3 8.9-5.3s8 2.9 0 13.8c-8 11-12.4 37.6-12.4 37.6s-1.8 16-8 21.2c-6.2 5.4-13.3 0-13.3 0s-11.5-13.2-18.6-15a3694 3694 0 0 1-79.8-27.5s-17-6.7-30 7.1L191.3 233a43.2 43.2 0 0 1-17.1 13.3 54.7 54.7 0 0 1-35 2.7S84.4 247.4 68.4 144Z\" stroke=\"#243365\" stroke-width=\"2.5\" fill=\"#FFE5C9\" fill-rule=\"nonzero\"><\/path>\n    <path d=\"M86.4 159s28.2 85.5 72.5 22.6\" stroke=\"#243365\" stroke-width=\"2.5\" stroke-linecap=\"round\"><\/path>\n    <path d=\"M76.9 237.7s67.4 16.5 85.7 12.9c18.4-3.6 36.9-13.4 84-13 0 0 66.7 1.6 142.9 13.5\" stroke=\"#243365\" stroke-width=\"2.5\"><\/path>\n    <path d=\"M38.5 160.1C17.2 160.1 0 170.4 0 183v201.6H77V183c0-12.6-17.2-22.9-38.5-22.9Z\" stroke=\"#243363\" stroke-width=\"2.5\" fill=\"#FA6776\" fill-rule=\"nonzero\"><\/path>\n    <path d=\"M427.9 160.1c-21.2 0-38.4 10.3-38.4 22.9v201.6h76.8V183c0-12.6-17.2-22.9-38.4-22.9Z\" stroke=\"#243363\" stroke-width=\"2.5\" fill=\"#FA6776\" fill-rule=\"nonzero\"><\/path>\n    <path d=\"M174.3 246.3 159 181.7l64.7-53.2s25.7-24 53.1-7.1l85.6 38.3-12.3 33.2a2138 2138 0 0 1-77.7-32.6s-17-6.7-30.1 7.2L191.4 233a43.2 43.2 0 0 1-17 13.3Z\" stroke=\"#243365\" stroke-width=\"2.5\" fill=\"#8FB2FF\" fill-rule=\"nonzero\"><\/path>\n    <path d=\"m92 172.2 26.9-16.5-5.9-12.3c-1-2.3-2-4.6-2.8-7-2.2-6.2-9-21.7-23.8-19.6 0 0-20.5 1.6-18 27.2L77 182s24.7 89.1 97.4 64.4L159 181.7s-34.3 57-67-9.5Z\" stroke=\"#243365\" stroke-width=\"2.5\" fill=\"#FFF\" fill-rule=\"nonzero\"><\/path>\n    <path d=\"m164.7 177.6.9.8a4 4 0 0 0 5.6 0l62-63.2a4 4 0 0 0 0-5.7l-.8-.8a4 4 0 0 0-5.7 0l-62 63.2a4 4 0 0 0 0 5.7Z\" stroke=\"#243365\" stroke-width=\"2.5\" fill=\"#4EDA29\" fill-rule=\"nonzero\" stroke-linecap=\"round\"><\/path>\n    <path d=\"m229.8 111.8 1.4.3a4 4 0 0 0 4.8-3l19.8-86.4a4 4 0 0 0-3-4.8l-1.4-.3a4 4 0 0 0-4.8 3L226.8 107a4 4 0 0 0 3 4.8Z\" stroke=\"#243365\" stroke-width=\"2.5\" fill=\"#4EDA29\" fill-rule=\"nonzero\" stroke-linecap=\"round\"><\/path>\n    <circle fill=\"#243365\" fill-rule=\"nonzero\" cx=\"70\" cy=\"107.1\" r=\"6\"><\/circle>\n    <circle fill=\"#243365\" fill-rule=\"nonzero\" cx=\"76\" cy=\"99.1\" r=\"6\"><\/circle>\n    <circle fill=\"#243365\" fill-rule=\"nonzero\" cx=\"80\" cy=\"89.1\" r=\"6\"><\/circle>\n  <\/g>\n<\/svg>\n\n<\/div><\/div><div  style=\"--grid-layout-index: 2; --col-xs: 2; --col-sm: 2; --col-md: 1; --col-lg: 1; --col-xl: 1\" class=\"section-item\"><div class=\"cell style-default\"><h2>Contact<\/h2>\n<p>Andrea Zi\u00f6rjen<br \/>\nStudy Nurse<br \/>\n<a href=\"tel:+41316843975\">+41 31 684 39 75<\/a><br \/>\n<a href=\"mailto:info@cardiosurvivor.ch\">info@cardiosurvivor.ch<\/a><\/p>\n<\/div>\n<div class=\"cell style-lavender  growth-disabled\"><div class=\"buttons\">\n\t<div class=\"button-group\">\n\n\t\t\t<a\n\t\t\t\thref=\"https:\/\/cardiosurvivor.ch\/anmeldung\/\" class=\"button style-default\"\n\t\t\t>\n\t\t\t\tInscription\n\t\t\t<\/a>\n\t<\/div>\n<\/div><\/div><\/div><\/div>\n<\/div><div  class=\"page-section style-default\">\n\t<div class=\"section-grid grid-layout\"><div  style=\"--grid-layout-index: 1; --col-xs: 2; --col-sm: 2; --col-md: 2; --col-lg: 2; --col-xl: 2\" class=\"section-item\"><div class=\"cell style-default\"><p>H\u00f4pitaux concern\u00e9s<\/p>\n\n<div class=\"buttons\">\n\t<div class=\"button-group\">\n\n\t\t\t<a\n\t\t\t\thref=\"https:\/\/cardiosurvivor.ch\/spital\/universitaetsspital-basel\/\" class=\"button style-default\"\n\t\t\t>\n\t\t\t\tH\u00f4pital universitaire de B\u00e2le\n\t\t\t<\/a>\n\n\t\t\t<a\n\t\t\t\thref=\"https:\/\/cardiosurvivor.ch\/spital\/inselspital-universitaetsspital-bern\/\" class=\"button style-default\"\n\t\t\t>\n\t\t\t\tH\u00f4pital de l&#8217;\u00cele, H\u00f4pital universitaire de Berne \n\t\t\t<\/a>\n\n\t\t\t<a\n\t\t\t\thref=\"https:\/\/cardiosurvivor.ch\/spital\/kantonsspital-st-gallen\/\" class=\"button style-default\"\n\t\t\t>\n\t\t\t\tH\u00f4pital cantonale de Saint-Gall\n\t\t\t<\/a>\n\n\t\t\t<a\n\t\t\t\thref=\"https:\/\/cardiosurvivor.ch\/spital\/universitaetsspital-genf\/\" class=\"button style-default\"\n\t\t\t>\n\t\t\t\tH\u00f4pital universitaire de Gen\u00e8ve\n\t\t\t<\/a>\n\n\t\t\t<a\n\t\t\t\thref=\"https:\/\/cardiosurvivor.ch\/spital\/luzerner-kantonsspital\/\" class=\"button style-default\"\n\t\t\t>\n\t\t\t\tH\u00f4pital cantonal de Lucerne\n\t\t\t<\/a>\n\t<\/div>\n<\/div><\/div><\/div><\/div>\n<\/div><div  class=\"page-section style-default\">\n\t<div class=\"section-grid grid-layout\"><div  style=\"--grid-layout-index: 1; --col-xs: 2; --col-sm: 2; --col-md: 2; --col-lg: 2; --col-xl: 2\" class=\"section-item\"><div class=\"cell style-default\"><h2>Sponsors<\/h2>\n\n<div class=\"logos grid-layout\">\n\n\n\t\t<a href=\"https:\/\/www.recherchecancer.ch\/?_gl=1*1bb42l7*_gcl_au*MTM5ODI2Njk0Ny4xNzE5MjIxNTAx*_ga*MTU4OTA4MDE2LjE3MTkyMjE1MDE.*_ga_D3K03PG1FW*MTcxOTIyMTUwMC4xLjEuMTcxOTIyMTYyMy4wLjAuMA..\" target=\"_blank\"\n\t\t\tclass=\"logo\"\n\t\t>\n\t\t\t<img loading=\"lazy\" decoding=\"async\" width=\"396\" height=\"45\" src=\"https:\/\/cardiosurvivor.ch\/wp-content\/uploads\/KFS_Logo_CMYK_Claim_f-396x45.png\" class=\"attachment-logo size-logo\" alt=\"\" srcset=\"https:\/\/cardiosurvivor.ch\/wp-content\/uploads\/KFS_Logo_CMYK_Claim_f-396x45.png 396w, https:\/\/cardiosurvivor.ch\/wp-content\/uploads\/KFS_Logo_CMYK_Claim_f-300x34.png 300w, https:\/\/cardiosurvivor.ch\/wp-content\/uploads\/KFS_Logo_CMYK_Claim_f-1024x117.png 1024w, https:\/\/cardiosurvivor.ch\/wp-content\/uploads\/KFS_Logo_CMYK_Claim_f-768x88.png 768w, https:\/\/cardiosurvivor.ch\/wp-content\/uploads\/KFS_Logo_CMYK_Claim_f-1536x176.png 1536w, https:\/\/cardiosurvivor.ch\/wp-content\/uploads\/KFS_Logo_CMYK_Claim_f-2048x234.png 2048w, https:\/\/cardiosurvivor.ch\/wp-content\/uploads\/KFS_Logo_CMYK_Claim_f-792x91.png 792w, https:\/\/cardiosurvivor.ch\/wp-content\/uploads\/KFS_Logo_CMYK_Claim_f.png 2210w\" sizes=\"auto, (max-width: 396px) 100vw, 396px\" \/>\n\t\t<\/a>\n\n\n\t\t<a href=\"https:\/\/www.liguecancer.ch\/\" target=\"_blank\"\n\t\t\tclass=\"logo\"\n\t\t>\n\t\t\t<img loading=\"lazy\" decoding=\"async\" width=\"396\" height=\"74\" src=\"https:\/\/cardiosurvivor.ch\/wp-content\/uploads\/KLS_Logo_f_cymk-396x74.png\" class=\"attachment-logo size-logo\" alt=\"\" srcset=\"https:\/\/cardiosurvivor.ch\/wp-content\/uploads\/KLS_Logo_f_cymk-396x74.png 396w, https:\/\/cardiosurvivor.ch\/wp-content\/uploads\/KLS_Logo_f_cymk-300x56.png 300w, https:\/\/cardiosurvivor.ch\/wp-content\/uploads\/KLS_Logo_f_cymk-1024x190.png 1024w, https:\/\/cardiosurvivor.ch\/wp-content\/uploads\/KLS_Logo_f_cymk-768x143.png 768w, https:\/\/cardiosurvivor.ch\/wp-content\/uploads\/KLS_Logo_f_cymk-792x147.png 792w, https:\/\/cardiosurvivor.ch\/wp-content\/uploads\/KLS_Logo_f_cymk.png 1200w\" sizes=\"auto, (max-width: 396px) 100vw, 396px\" \/>\n\t\t<\/a>\n\n\n\t\t<a href=\"https:\/\/www.stiftung-kinderkrebs.ch\/\" target=\"_blank\"\n\t\t\tclass=\"logo\"\n\t\t>\n\t\t\t<img loading=\"lazy\" decoding=\"async\" width=\"396\" height=\"95\" src=\"https:\/\/cardiosurvivor.ch\/wp-content\/uploads\/Logo_b-r_2017-002-396x95.jpg\" class=\"attachment-logo size-logo\" alt=\"\" srcset=\"https:\/\/cardiosurvivor.ch\/wp-content\/uploads\/Logo_b-r_2017-002-396x95.jpg 396w, https:\/\/cardiosurvivor.ch\/wp-content\/uploads\/Logo_b-r_2017-002-300x72.jpg 300w, https:\/\/cardiosurvivor.ch\/wp-content\/uploads\/Logo_b-r_2017-002.jpg 465w\" sizes=\"auto, (max-width: 396px) 100vw, 396px\" \/>\n\t\t<\/a>\n\n\n\t\t<a href=\"https:\/\/www.unibas.ch\/\" target=\"_blank\"\n\t\t\tclass=\"logo\"\n\t\t>\n\t\t\t<img loading=\"lazy\" decoding=\"async\" width=\"350\" height=\"112\" src=\"https:\/\/cardiosurvivor.ch\/wp-content\/uploads\/logo-universitaet-basel.svg\" class=\"attachment-logo size-logo\" alt=\"\" \/>\n\t\t<\/a>\n\n\n\t\t<a href=\"https:\/\/www.kinderkrebs-schweiz.ch\/fr\" target=\"_blank\"\n\t\t\tclass=\"logo\"\n\t\t>\n\t\t\t<img loading=\"lazy\" decoding=\"async\" width=\"396\" height=\"111\" src=\"https:\/\/cardiosurvivor.ch\/wp-content\/uploads\/kinderkrebs_logo_rgbgross-396x111.png\" class=\"attachment-logo size-logo\" alt=\"\" srcset=\"https:\/\/cardiosurvivor.ch\/wp-content\/uploads\/kinderkrebs_logo_rgbgross-396x111.png 396w, https:\/\/cardiosurvivor.ch\/wp-content\/uploads\/kinderkrebs_logo_rgbgross-300x84.png 300w, https:\/\/cardiosurvivor.ch\/wp-content\/uploads\/kinderkrebs_logo_rgbgross-1024x288.png 1024w, https:\/\/cardiosurvivor.ch\/wp-content\/uploads\/kinderkrebs_logo_rgbgross-768x216.png 768w, https:\/\/cardiosurvivor.ch\/wp-content\/uploads\/kinderkrebs_logo_rgbgross-1536x431.png 1536w, https:\/\/cardiosurvivor.ch\/wp-content\/uploads\/kinderkrebs_logo_rgbgross-2048x575.png 2048w, https:\/\/cardiosurvivor.ch\/wp-content\/uploads\/kinderkrebs_logo_rgbgross-792x222.png 792w, https:\/\/cardiosurvivor.ch\/wp-content\/uploads\/kinderkrebs_logo_rgbgross.png 2560w\" sizes=\"auto, (max-width: 396px) 100vw, 396px\" \/>\n\t\t<\/a>\n\n\n\t\t<a href=\"https:\/\/www.kinderkrebshilfe.ch\/\"\n\t\t\tclass=\"logo\"\n\t\t>\n\t\t\t<img loading=\"lazy\" decoding=\"async\" width=\"396\" height=\"292\" src=\"https:\/\/cardiosurvivor.ch\/wp-content\/uploads\/KKH_Logo_rgb_300ppi-396x292.jpg\" class=\"attachment-logo size-logo\" alt=\"\" srcset=\"https:\/\/cardiosurvivor.ch\/wp-content\/uploads\/KKH_Logo_rgb_300ppi-396x292.jpg 396w, https:\/\/cardiosurvivor.ch\/wp-content\/uploads\/KKH_Logo_rgb_300ppi-300x221.jpg 300w, https:\/\/cardiosurvivor.ch\/wp-content\/uploads\/KKH_Logo_rgb_300ppi-1024x754.jpg 1024w, https:\/\/cardiosurvivor.ch\/wp-content\/uploads\/KKH_Logo_rgb_300ppi-768x566.jpg 768w, https:\/\/cardiosurvivor.ch\/wp-content\/uploads\/KKH_Logo_rgb_300ppi-1536x1131.jpg 1536w, https:\/\/cardiosurvivor.ch\/wp-content\/uploads\/KKH_Logo_rgb_300ppi-2048x1508.jpg 2048w, https:\/\/cardiosurvivor.ch\/wp-content\/uploads\/KKH_Logo_rgb_300ppi-792x583.jpg 792w, https:\/\/cardiosurvivor.ch\/wp-content\/uploads\/KKH_Logo_rgb_300ppi.jpg 2560w\" sizes=\"auto, (max-width: 396px) 100vw, 396px\" \/>\n\t\t<\/a>\n<\/div>\n<\/div><\/div><\/div>\n<\/div>","protected":false},"excerpt":{"rendered":"<p>Contexte Gr\u00e2ce aux \u00e9normes progr\u00e8s de la m\u00e9decine au cours des derni\u00e8res d\u00e9cennies, la plupart des enfants atteints d&#8217;un cancer peuvent aujourd&#8217;hui \u00eatre gu\u00e9ris. La plupart des ancien.ne.s patient.e.s sont en tr\u00e8s bonne sant\u00e9. Cependant, le cancer et son traitement peuvent laisser des probl\u00e8mes de sant\u00e9 l\u00e9gers \u00e0 graves chez certain.e.s ancien.ne.s patient.e.s. Une connaissance [&hellip;]<\/p>\n","protected":false},"author":1,"featured_media":0,"parent":0,"menu_order":0,"comment_status":"closed","ping_status":"closed","template":"","meta":{"_acf_changed":false,"inline_featured_image":false,"footnotes":""},"class_list":["post-532","page","type-page","status-publish","hentry"],"acf":[],"_links":{"self":[{"href":"https:\/\/cardiosurvivor.ch\/fr\/wp-json\/wp\/v2\/pages\/532","targetHints":{"allow":["GET"]}}],"collection":[{"href":"https:\/\/cardiosurvivor.ch\/fr\/wp-json\/wp\/v2\/pages"}],"about":[{"href":"https:\/\/cardiosurvivor.ch\/fr\/wp-json\/wp\/v2\/types\/page"}],"author":[{"embeddable":true,"href":"https:\/\/cardiosurvivor.ch\/fr\/wp-json\/wp\/v2\/users\/1"}],"replies":[{"embeddable":true,"href":"https:\/\/cardiosurvivor.ch\/fr\/wp-json\/wp\/v2\/comments?post=532"}],"version-history":[{"count":10,"href":"https:\/\/cardiosurvivor.ch\/fr\/wp-json\/wp\/v2\/pages\/532\/revisions"}],"predecessor-version":[{"id":1213,"href":"https:\/\/cardiosurvivor.ch\/fr\/wp-json\/wp\/v2\/pages\/532\/revisions\/1213"}],"wp:attachment":[{"href":"https:\/\/cardiosurvivor.ch\/fr\/wp-json\/wp\/v2\/media?parent=532"}],"curies":[{"name":"wp","href":"https:\/\/api.w.org\/{rel}","templated":true}]}}