{"id":531,"date":"2022-08-02T14:08:06","date_gmt":"2022-08-02T12:08:06","guid":{"rendered":"https:\/\/cardiosurvivor.ch\/datenschutz\/"},"modified":"2023-06-12T14:17:06","modified_gmt":"2023-06-12T12:17:06","slug":"protection-des-donnees","status":"publish","type":"page","link":"https:\/\/cardiosurvivor.ch\/fr\/protection-des-donnees\/","title":{"rendered":"Protection des donn\u00e9es"},"content":{"rendered":"<div  class=\"page-section style-default\">\n\t<div class=\"section-grid grid-layout\"><div  style=\"--grid-layout-index: 1; --col-xs: 12; --col-sm: 12; --col-md: 12; --col-lg: 12; --col-xl: 12\" class=\"section-item\"><div class=\"cell style-default\"><h1>Protection des donn\u00e9es<\/h1>\n<p>Les donn\u00e9es personnelles sont trait\u00e9es dans la plus stricte confidentialit\u00e9 et ne sont ni vendues ni mises \u00e0 la disposition de tiers. En \u00e9troite collaboration avec nos fournisseurs d&#8217;h\u00e9bergement, nous mettons tout en \u0153uvre pour prot\u00e9ger les bases de donn\u00e9es contre les acc\u00e8s ext\u00e9rieurs, la perte de donn\u00e9es, les abus et la falsification.<\/p>\n<p>Lorsque vous acc\u00e9dez \u00e0 nos sites web, les donn\u00e9es suivantes sont stock\u00e9es dans des fichiers journaux : Adresse IP, date, heure, demande de navigateur et informations g\u00e9n\u00e9rales sur le syst\u00e8me d&#8217;exploitation et le navigateur.<\/p>\n<p>Les donn\u00e9es d&#8217;utilisation constituent la base d&#8217;\u00e9valuations statistiques impersonnelles visant \u00e0 suivre les tendances afin d&#8217;am\u00e9liorer les informations propos\u00e9es. La loi f\u00e9d\u00e9rale sur la surveillance du trafic des postes et des t\u00e9l\u00e9communications (LSCPT) pr\u00e9voit l&#8217;obligation l\u00e9gale de conserver les donn\u00e9es relatives \u00e0 toutes les connexions r\u00e9alis\u00e9es au cours des six derniers mois.<\/p>\n<p>Les donn\u00e9es personnelles mises \u00e0 la disposition par le biais du formulaire de contact ou du courrier \u00e9lectronique sont \u00e9galement trait\u00e9es de mani\u00e8re confidentielle. La transmission en ligne de donn\u00e9es personnelles se fait \u00e0 vos propres risques. Les donn\u00e9es transmises au moyen du formulaire de contact ou par e-mail sont saisies dans notre base de donn\u00e9es d&#8217;adresses interne distincte et ne sont pas reli\u00e9es aux fichiers journaux. Toutefois, la transmission n&#8217;est pas crypt\u00e9e et nous ne pouvons exclure que des donn\u00e9es soient perdues lors du transit ou qu&#8217;elles soient consult\u00e9es par des tiers. Les donn\u00e9es qui sont envoy\u00e9es non crypt\u00e9es par courrier \u00e9lectronique sur Internet ne sont pas s\u00e9curis\u00e9es. Par cons\u00e9quent, aucune information confidentielle ne doit nous \u00eatre envoy\u00e9e par courrier \u00e9lectronique.<\/p>\n<\/div><\/div><\/div>\n<\/div>","protected":false},"excerpt":{"rendered":"<p>Protection des donn\u00e9es Les donn\u00e9es personnelles sont trait\u00e9es dans la plus stricte confidentialit\u00e9 et ne sont ni vendues ni mises \u00e0 la disposition de tiers. En \u00e9troite collaboration avec nos fournisseurs d&#8217;h\u00e9bergement, nous mettons tout en \u0153uvre pour prot\u00e9ger les bases de donn\u00e9es contre les acc\u00e8s ext\u00e9rieurs, la perte de donn\u00e9es, les abus et la [&hellip;]<\/p>\n","protected":false},"author":1,"featured_media":0,"parent":0,"menu_order":0,"comment_status":"closed","ping_status":"closed","template":"","meta":{"_acf_changed":false,"inline_featured_image":false,"footnotes":""},"class_list":["post-531","page","type-page","status-publish","hentry"],"acf":[],"_links":{"self":[{"href":"https:\/\/cardiosurvivor.ch\/fr\/wp-json\/wp\/v2\/pages\/531","targetHints":{"allow":["GET"]}}],"collection":[{"href":"https:\/\/cardiosurvivor.ch\/fr\/wp-json\/wp\/v2\/pages"}],"about":[{"href":"https:\/\/cardiosurvivor.ch\/fr\/wp-json\/wp\/v2\/types\/page"}],"author":[{"embeddable":true,"href":"https:\/\/cardiosurvivor.ch\/fr\/wp-json\/wp\/v2\/users\/1"}],"replies":[{"embeddable":true,"href":"https:\/\/cardiosurvivor.ch\/fr\/wp-json\/wp\/v2\/comments?post=531"}],"version-history":[{"count":3,"href":"https:\/\/cardiosurvivor.ch\/fr\/wp-json\/wp\/v2\/pages\/531\/revisions"}],"predecessor-version":[{"id":937,"href":"https:\/\/cardiosurvivor.ch\/fr\/wp-json\/wp\/v2\/pages\/531\/revisions\/937"}],"wp:attachment":[{"href":"https:\/\/cardiosurvivor.ch\/fr\/wp-json\/wp\/v2\/media?parent=531"}],"curies":[{"name":"wp","href":"https:\/\/api.w.org\/{rel}","templated":true}]}}