{"id":529,"date":"2023-04-20T11:12:06","date_gmt":"2023-04-20T09:12:06","guid":{"rendered":"https:\/\/cardiosurvivor.ch\/fuer-survivors\/"},"modified":"2023-06-26T11:45:32","modified_gmt":"2023-06-26T09:45:32","slug":"consultation","status":"publish","type":"page","link":"https:\/\/cardiosurvivor.ch\/fr\/consultation\/","title":{"rendered":"Consultation"},"content":{"rendered":"<div  class=\"page-section style-light-beige order-xs-reversed order-sm-reversed\">\n\t<div class=\"section-grid grid-layout\"><div  style=\"--grid-layout-index: 1; --col-xs: 2; --col-sm: 2; --col-md: 1; --col-lg: 1; --col-xl: 1\" class=\"section-item\"><div class=\"cell style-default\"><h1>pour Survivant.e.s<\/h1>\n<p>L&#8217;examen aura lieu dans l&#8217;h\u00f4pital pour adultes o\u00f9 vous avez re\u00e7u votre traitement anticanc\u00e9reux lorsque vous \u00e9tiez enfant et durera environ deux heures. L&#8217;examen sera effectu\u00e9 par les sp\u00e9cialistes du c\u0153ur et comprendra notamment une \u00e9chographie cardiaque et un test d&#8217;effort cardiovasculaire. Une courte partie d&#8217;\u00e9tude suppl\u00e9mentaire nous permettra de recueillir des informations g\u00e9n\u00e9rales sur votre \u00e9tat de sant\u00e9 \u00e0 la fin des examens, afin d&#8217;acqu\u00e9rir de nouvelles connaissances qui b\u00e9n\u00e9ficient les g\u00e9n\u00e9rations futures de survivant.e.s du cancer de l&#8217;enfant.<\/p>\n<\/div><\/div><div  style=\"--grid-layout-index: 2; --col-xs: 2; --col-sm: 2; --col-md: 1; --col-lg: 1; --col-xl: 1\" class=\"section-item\"><div class=\"cell illustration-cell style-light-yellow align-horizontal-center align-vertical-center\">\n\t\t<svg focusable=\"false\" xmlns=\"http:\/\/www.w3.org\/2000\/svg\" width=\"472\" height=\"314\" viewBox=\"0 0 472 314\"><desc>fragezeichen<\/desc>\n  <g transform=\"translate(40 2)\" fill=\"none\" fill-rule=\"evenodd\">\n    <path d=\"M133.44 201.007a1042.325 1042.325 0 0 1-33.36 72.53\" stroke=\"#1D1D1B\"><\/path>\n    <path stroke=\"#243365\" stroke-width=\"2.5\" fill=\"#D9C9E1\" fill-rule=\"nonzero\" d=\"M0 294.817h350.329\"><\/path>\n    <path d=\"m184.531 167.839-4.207-14.187s-3.306-.6-8.616 4.696\" stroke=\"#1D1D1B\" fill=\"#F8E39B\" fill-rule=\"nonzero\"><\/path>\n    <path d=\"M220.396 86.317c0-29.172-22.841-52.95-51.092-52.95-28.25 0-50.992 23.778-50.992 52.95 0 18.582 9.217 34.966 23.142 44.357a9.684 9.684 0 0 1 4.408 7.993v31.07h47.084v-36.365c17.113-9.44 27.682-27.453 27.55-46.955l-.1-.1Z\" stroke=\"#243365\" stroke-width=\"2.5\" fill=\"#F5E2E3\" fill-rule=\"nonzero\"><\/path>\n    <path stroke=\"#243365\" stroke-width=\"2.5\" fill=\"#F5E2E3\" fill-rule=\"nonzero\" stroke-linecap=\"round\" d=\"m175.715 120.784 8.816-.799\"><\/path>\n    <path d=\"M192.946 133.372s-12.622 6.693-25.245 3.996\" stroke=\"#243365\" stroke-width=\"2.5\" fill=\"#F5E2E3\" fill-rule=\"nonzero\"><\/path>\n    <path d=\"m191.343 74.728 8.215 26.575c.701 2.297-.901 4.595-3.005 4.595H183.83\" stroke=\"#243365\" stroke-width=\"2.5\" fill=\"#F5E2E3\" fill-rule=\"nonzero\" stroke-linecap=\"round\"><\/path>\n    <ellipse fill=\"#243365\" fill-rule=\"nonzero\" cx=\"204.166\" cy=\"86.317\" rx=\"3.707\" ry=\"3.696\"><\/ellipse>\n    <ellipse fill=\"#243365\" fill-rule=\"nonzero\" cx=\"167.1\" cy=\"85.817\" rx=\"3.707\" ry=\"3.696\"><\/ellipse>\n    <path d=\"M264.775 294.717c1.202-35.566-4.207-71.532-16.63-104.9-4.608-12.288-10.218-24.476-19.434-33.667-9.217-9.191-22.641-15.285-35.464-12.888-13.954 9.799-32.523 9.998-46.684.5a67.115 67.115 0 0 0-40.773 28.972 134.37 134.37 0 0 0-20.637 49.253c-5.41 23.976-6.512 48.753-4.208 73.13 63.114 0 121.017-.4 183.73-.4h.1Z\" stroke=\"#243365\" stroke-width=\"2.5\" fill=\"#233364\" fill-rule=\"nonzero\"><\/path>\n    <path d=\"M144.56 284.427s-56.502.899-63.615 12.388c-2.805 4.595 6.712 6.993 19.034 7.992 18.634 1.798 43.579.8 43.579.8l2.604.299.702-21.48h-2.305\" stroke=\"#243365\" stroke-width=\"2.5\" fill=\"#F5E2E3\" fill-rule=\"nonzero\"><\/path>\n    <path d=\"M135.243 71.232s35.964-12.389 49.489-35.466c0 0-25.045-14.187-51.292 5.994 0 0-37.568 20.08-27.35 91.512l40.974-13.287s-34.462-37.764-11.821-48.753Z\" stroke=\"#243365\" stroke-width=\"2.5\" fill=\"#F8E39B\" fill-rule=\"nonzero\" stroke-linecap=\"round\" stroke-linejoin=\"round\"><\/path>\n    <path d=\"M216.689 66.436s-27.149-16.984-32.058-30.67c0 0 26.548 5.394 32.058 30.67Z\" stroke=\"#243365\" stroke-width=\"2.5\" fill=\"#F8E39B\" fill-rule=\"nonzero\"><\/path>\n    <path d=\"m205.369 123.88 22.64-3.995-7.513-33.568s0 23.178-15.027 37.564h-.1v-.001Z\" stroke=\"#243365\" stroke-width=\"2.5\" fill=\"#F8E39B\" fill-rule=\"nonzero\" stroke-linejoin=\"round\"><\/path>\n    <path d=\"M190.642 157.748c0-2.697 0-5.295-.701-7.792-.701-2.498-2.404-4.796-4.809-5.695-3.005-1.199-10.719 2.098-10.719 2.098s-2.204.9-5.91 2.798c-.702-3.597-1.002-3.697-1.002-7.793 0-.7.5-1.998.901-2.697.501-.8 2.004-1.599 2.905-1.799l5.71-1.598c2.004-.6 4.008-1.199 5.21-2.997.701-1 1.002-2.198.4-3.197-1.001-2.298-4.006-1.998-6.21-1.499-4.308 1-12.423 3.197-14.426 3.797-.3 0-.601.2-1.002.4-.801.499-1.903.998-3.005 2.996-1.002 1.899-.902 8.792-1.603 18.982-1.202.4-2.204 1-3.006 1.898a10.474 10.474 0 0 0-2.003 4.896l-1.202 5.994c-4.609 9.79-8.916 19.78-14.226 31.67l27.65 6.993c1.402-4.096 3.005-8.093 4.107-12.488 2.504-1.499 5.11-2.997 7.013-5.295 1.903-2.198 3.005-5.395 2.003-8.192 3.406-.8 5.81-2.498 6.812-4.496 1.002-2.098 1.002-4.496 1.002-6.893 4.208.1 6.011-1.699 6.612-3.797.501-1.998 0-4.196-.5-6.294h-.001Z\" stroke=\"#243365\" stroke-width=\"2.5\" fill=\"#F2E2E4\" fill-rule=\"nonzero\"><\/path>\n    <path d=\"M160.488 74.428c1.625-3.338 5.583-4.83 9.016-3.396\" stroke=\"#243365\" stroke-width=\"2.5\" fill=\"#F2E2E4\" fill-rule=\"nonzero\" stroke-linecap=\"round\"><\/path>\n    <path d=\"M207.773 70.232a7.026 7.026 0 0 0-9.517 1\" stroke=\"#243365\" stroke-width=\"2.5\" fill=\"#F2E2E4\" fill-rule=\"nonzero\" stroke-linecap=\"round\"><\/path>\n    <ellipse stroke=\"#243365\" stroke-width=\"2.5\" fill=\"#4EDB29\" fill-rule=\"nonzero\" cx=\"336.905\" cy=\"52.949\" rx=\"53.095\" ry=\"52.949\"><\/ellipse>\n    <ellipse stroke=\"#243365\" stroke-width=\"2.5\" fill=\"#4EDB29\" fill-rule=\"nonzero\" cx=\"254.757\" cy=\"72.43\" rx=\"14.927\" ry=\"14.886\"><\/ellipse>\n    <path d=\"M337.606 29.572c-5.009 0-7.013 2.797-7.013 7.293v2.997h-6.21c-1.003-1-1.604-2.198-1.604-3.797 0-5.794 6.612-10.09 14.627-10.09 9.116 0 15.327 4.196 15.327 12.988 0 6.393-3.707 10.59-9.417 14.785-4.207 2.997-6.01 5.495-6.01 10.09v2.498H335c-.701-1.199-2.204-4.196-2.204-6.993 0-4.296 1.703-7.693 6.111-11.39 3.707-2.996 6.612-5.294 6.612-10.889 0-4.595-3.005-7.492-8.014-7.492h.101Zm-1.503 41.26c3.206 0 5.71 2.497 5.71 5.694s-2.504 5.695-5.71 5.695c-3.205 0-5.71-2.498-5.71-5.695s2.505-5.694 5.71-5.694Z\" fill=\"#233364\" fill-rule=\"nonzero\"><\/path>\n    <path d=\"M265.777 293.018s1.002 12.988-25.846 15.385L144.559 312s-2.304-21.28 0-29.272c0 0 78.642-3.197 83.45-9.091\" fill=\"#243365\" fill-rule=\"nonzero\"><\/path>\n  <\/g>\n<\/svg>\n\n<\/div><\/div><\/div>\n<\/div><div  class=\"page-section style-light-beige order-xs-reversed order-sm-reversed\">\n\t<div class=\"section-grid grid-layout\"><div  style=\"--grid-layout-index: 1; --col-xs: 2; --col-sm: 2; --col-md: 2; --col-lg: 2; --col-xl: 2\" class=\"section-item\"><div class=\"cell style-default\"><div class=\"buttons\">\n\t<div class=\"button-group\">\n\n\t\t\t<a\n\t\t\t\thref=\"https:\/\/cardiosurvivor.ch\/fr\/deroulement-de-la-consultation\/\" class=\"button style-default\"\n\t\t\t>\n\t\t\t\tD\u00e9roulement de la consultation\n\t\t\t<\/a>\n\t<\/div>\n<\/div><\/div>\n<div class=\"cell style-default\"><div class=\"buttons\">\n\t<div class=\"button-group\">\n\n\t\t\t<a\n\t\t\t\thref=\"https:\/\/cardiosurvivor.ch\/fr\/faq\/\" class=\"button style-default\"\n\t\t\t>\n\t\t\t\tFAQ\n\t\t\t<\/a>\n\t<\/div>\n<\/div><\/div><\/div><\/div>\n<\/div>","protected":false},"excerpt":{"rendered":"<p>pour Survivant.e.s L&#8217;examen aura lieu dans l&#8217;h\u00f4pital pour adultes o\u00f9 vous avez re\u00e7u votre traitement anticanc\u00e9reux lorsque vous \u00e9tiez enfant et durera environ deux heures. L&#8217;examen sera effectu\u00e9 par les sp\u00e9cialistes du c\u0153ur et comprendra notamment une \u00e9chographie cardiaque et un test d&#8217;effort cardiovasculaire. Une courte partie d&#8217;\u00e9tude suppl\u00e9mentaire nous permettra de recueillir des informations [&hellip;]<\/p>\n","protected":false},"author":1,"featured_media":0,"parent":0,"menu_order":0,"comment_status":"closed","ping_status":"closed","template":"","meta":{"_acf_changed":false,"inline_featured_image":false,"footnotes":""},"class_list":["post-529","page","type-page","status-publish","hentry"],"acf":[],"_links":{"self":[{"href":"https:\/\/cardiosurvivor.ch\/fr\/wp-json\/wp\/v2\/pages\/529","targetHints":{"allow":["GET"]}}],"collection":[{"href":"https:\/\/cardiosurvivor.ch\/fr\/wp-json\/wp\/v2\/pages"}],"about":[{"href":"https:\/\/cardiosurvivor.ch\/fr\/wp-json\/wp\/v2\/types\/page"}],"author":[{"embeddable":true,"href":"https:\/\/cardiosurvivor.ch\/fr\/wp-json\/wp\/v2\/users\/1"}],"replies":[{"embeddable":true,"href":"https:\/\/cardiosurvivor.ch\/fr\/wp-json\/wp\/v2\/comments?post=529"}],"version-history":[{"count":10,"href":"https:\/\/cardiosurvivor.ch\/fr\/wp-json\/wp\/v2\/pages\/529\/revisions"}],"predecessor-version":[{"id":1023,"href":"https:\/\/cardiosurvivor.ch\/fr\/wp-json\/wp\/v2\/pages\/529\/revisions\/1023"}],"wp:attachment":[{"href":"https:\/\/cardiosurvivor.ch\/fr\/wp-json\/wp\/v2\/media?parent=529"}],"curies":[{"name":"wp","href":"https:\/\/api.w.org\/{rel}","templated":true}]}}