{"id":525,"date":"2023-04-20T11:12:19","date_gmt":"2023-04-20T09:12:19","guid":{"rendered":"https:\/\/cardiosurvivor.ch\/teams\/"},"modified":"2026-04-01T09:37:58","modified_gmt":"2026-04-01T07:37:58","slug":"equipes","status":"publish","type":"page","link":"https:\/\/cardiosurvivor.ch\/fr\/equipes\/","title":{"rendered":"\u00c9quipes"},"content":{"rendered":"<div  class=\"page-section style-light-blue\">\n\t<div class=\"section-grid grid-layout\"><div  style=\"--grid-layout-index: 1; --col-xs: 2; --col-sm: 2; --col-md: 2; --col-lg: 2; --col-xl: 2\" class=\"section-item\"><div class=\"cell style-default\"><h2>\u00c9quipe\u00a0d\u2019\u00e9tude de l\u2019Institut de m\u00e9decine sociale et pr\u00e9ventive, Universit\u00e9 de Berne<\/h2>\n\n<div class=\"team grid-layout\">\n<div class=\"team-member\">\n\t<div class=\"team-member-portrait\">\n\t\t\t<img loading=\"lazy\" decoding=\"async\" width=\"170\" height=\"200\" src=\"https:\/\/cardiosurvivor.ch\/wp-content\/uploads\/Schindera_Christina-170x200.jpg\" class=\"attachment-team-member size-team-member\" alt=\"\" srcset=\"https:\/\/cardiosurvivor.ch\/wp-content\/uploads\/Schindera_Christina-170x200.jpg 170w, https:\/\/cardiosurvivor.ch\/wp-content\/uploads\/Schindera_Christina-255x300.jpg 255w, https:\/\/cardiosurvivor.ch\/wp-content\/uploads\/Schindera_Christina.jpg 340w\" sizes=\"auto, (max-width: 170px) 100vw, 170px\" \/>\n\t<\/div>\n\t<div class=\"team-member-text\">\n\t\t<p>Oncologue p\u00e9diatrique<\/p>\n<p>PD Dre m\u00e9d. Christina Schindera, PhD<br \/>\nGroupe de recherche sur le cancer de l&#8217;enfant<br \/>\nEmail: <a href=\"mailto:info@cardiosurvivor.ch\">info@cardiosurvivor.ch<\/a><br \/>\nEmail: christina.schindera@ukbb.ch<br \/>\nT\u00e9l: +41 61 704 25 72<\/p>\n\n\t<\/div>\n<\/div>\n\n<div class=\"team-member\">\n\t<div class=\"team-member-portrait\">\n\t\t\t<img loading=\"lazy\" decoding=\"async\" width=\"170\" height=\"200\" src=\"https:\/\/cardiosurvivor.ch\/wp-content\/uploads\/SlamaTomas-170x200.jpg\" class=\"attachment-team-member size-team-member\" alt=\"\" srcset=\"https:\/\/cardiosurvivor.ch\/wp-content\/uploads\/SlamaTomas-170x200.jpg 170w, https:\/\/cardiosurvivor.ch\/wp-content\/uploads\/SlamaTomas-340x400.jpg 340w\" sizes=\"auto, (max-width: 170px) 100vw, 170px\" \/>\n\t<\/div>\n\t<div class=\"team-member-text\">\n\t\t<p>&nbsp;<\/p>\n<p>Dr m\u00e9d. Tomas Slama, PhD<br \/>\nGroupe de recherche sur le cancer de l&#8217;enfant<br \/>\nEmail: <a href=\"mailto:info@cardiosurvivor.ch\">info@cardiosurvivor.ch<\/a><\/p>\n\n\t<\/div>\n<\/div>\n\n<div class=\"team-member\">\n\t<div class=\"team-member-portrait\">\n\t\t\t<img loading=\"lazy\" decoding=\"async\" width=\"170\" height=\"200\" src=\"https:\/\/cardiosurvivor.ch\/wp-content\/uploads\/Fankhauser_Severin-e1728894232993-170x200.jpg\" class=\"attachment-team-member size-team-member\" alt=\"\" srcset=\"https:\/\/cardiosurvivor.ch\/wp-content\/uploads\/Fankhauser_Severin-e1728894232993-170x200.jpg 170w, https:\/\/cardiosurvivor.ch\/wp-content\/uploads\/Fankhauser_Severin-e1728894232993-340x400.jpg 340w\" sizes=\"auto, (max-width: 170px) 100vw, 170px\" \/>\n\t<\/div>\n\t<div class=\"team-member-text\">\n\t\t<p>Dr m\u00e9d. Severin Fankhauser, Candidat au doctorat<br \/>\nGroupe de recherche sur le cancer de l\u2019enfant<br \/>\nEmail:\u00a0<a href=\"mailto:info@cardiosurvivor.ch\">info@cardiosurvivor.ch<\/a><\/p>\n<p>&nbsp;<\/p>\n\n\t<\/div>\n<\/div>\n\n<div class=\"team-member\">\n\t<div class=\"team-member-portrait\">\n\t\t\t<img loading=\"lazy\" decoding=\"async\" width=\"170\" height=\"200\" src=\"https:\/\/cardiosurvivor.ch\/wp-content\/uploads\/SPOG_Annual_Report_Claudia_Kuehni-e1686041247387-170x200.jpg\" class=\"attachment-team-member size-team-member\" alt=\"\" srcset=\"https:\/\/cardiosurvivor.ch\/wp-content\/uploads\/SPOG_Annual_Report_Claudia_Kuehni-e1686041247387-170x200.jpg 170w, https:\/\/cardiosurvivor.ch\/wp-content\/uploads\/SPOG_Annual_Report_Claudia_Kuehni-e1686041247387-340x400.jpg 340w\" sizes=\"auto, (max-width: 170px) 100vw, 170px\" \/>\n\t<\/div>\n\t<div class=\"team-member-text\">\n\t\t<p>P\u00e9diatre<\/p>\n<p>Pr Dre m\u00e9d. Claudia K\u00fchni<br \/>\nPneumologue p\u00e9diatrique et \u00e9pid\u00e9miologiste<br \/>\npour les maladies de l&#8217;enfant et de l&#8217;adolescent<\/p>\n\n\t<\/div>\n<\/div>\n\n<div class=\"team-member\">\n\t<div class=\"team-member-portrait\">\n\t\t\t<img loading=\"lazy\" decoding=\"async\" width=\"170\" height=\"200\" src=\"https:\/\/cardiosurvivor.ch\/wp-content\/uploads\/Zioerjen_Andrea2-1-e1686042566375-170x200.jpg\" class=\"attachment-team-member size-team-member\" alt=\"\" srcset=\"https:\/\/cardiosurvivor.ch\/wp-content\/uploads\/Zioerjen_Andrea2-1-e1686042566375-170x200.jpg 170w, https:\/\/cardiosurvivor.ch\/wp-content\/uploads\/Zioerjen_Andrea2-1-e1686042566375-340x400.jpg 340w\" sizes=\"auto, (max-width: 170px) 100vw, 170px\" \/>\n\t<\/div>\n\t<div class=\"team-member-text\">\n\t\t<p>Infirmi\u00e8re de recherche clinique<\/p>\n<p>Andrea Zi\u00f6rjen<br \/>\nInfirmi\u00e8re dipl\u00f4m\u00e9e<br \/>\nEmail: <a href=\"mailto:info@cardiosurvivor.ch\">info@cardiosurvivor.ch<\/a><br \/>\nT\u00e9l: <a href=\"tel:+41316843975\">+41 31 684 39 75<\/a><\/p>\n\n\t<\/div>\n<\/div>\n<\/div>\n<\/div><\/div><\/div>\n<\/div><div  class=\"page-section style-default\">\n\t<div class=\"section-grid grid-layout\"><div  style=\"--grid-layout-index: 1; --col-xs: 2; --col-sm: 2; --col-md: 2; --col-lg: 2; --col-xl: 2\" class=\"section-item\"><div class=\"cell style-default\"><h2>\u00c9quipe de l&#8217;H\u00f4pital p\u00e9diatrique universitaire des deux B\u00e2le et de l&#8217;H\u00f4pital universitaire de B\u00e2le<\/h2>\n\n<div class=\"team grid-layout\">\n<div class=\"team-member\">\n\t<div class=\"team-member-portrait\">\n\t\t\t<img loading=\"lazy\" decoding=\"async\" width=\"170\" height=\"200\" src=\"https:\/\/cardiosurvivor.ch\/wp-content\/uploads\/Gabriela_Kuster_Pfister-170x200.jpg\" class=\"attachment-team-member size-team-member\" alt=\"\" srcset=\"https:\/\/cardiosurvivor.ch\/wp-content\/uploads\/Gabriela_Kuster_Pfister-170x200.jpg 170w, https:\/\/cardiosurvivor.ch\/wp-content\/uploads\/Gabriela_Kuster_Pfister-255x300.jpg 255w, https:\/\/cardiosurvivor.ch\/wp-content\/uploads\/Gabriela_Kuster_Pfister.jpg 340w\" sizes=\"auto, (max-width: 170px) 100vw, 170px\" \/>\n\t<\/div>\n\t<div class=\"team-member-text\">\n\t\t<p>Cardiologue<\/p>\n<p>Pr Dre m\u00e9d. Gabriela Kuster Pfister<br \/>\nM\u00e9decin cadre en cardiologie, responsable de l&#8217;onco-cardiologie et de la recherche translationnelle, Centre universitaire de cardiologie de B\u00e2le<\/p>\n\n\t<\/div>\n<\/div>\n\n<div class=\"team-member\">\n\t<div class=\"team-member-portrait\">\n\t\t\t<img loading=\"lazy\" decoding=\"async\" width=\"170\" height=\"200\" src=\"https:\/\/cardiosurvivor.ch\/wp-content\/uploads\/von-der-Weid_Nicolas-170x200.jpg\" class=\"attachment-team-member size-team-member\" alt=\"\" srcset=\"https:\/\/cardiosurvivor.ch\/wp-content\/uploads\/von-der-Weid_Nicolas-170x200.jpg 170w, https:\/\/cardiosurvivor.ch\/wp-content\/uploads\/von-der-Weid_Nicolas-340x400.jpg 340w\" sizes=\"auto, (max-width: 170px) 100vw, 170px\" \/>\n\t<\/div>\n\t<div class=\"team-member-text\">\n\t\t<p>Oncologue p\u00e9diatrique<\/p>\n<p>Pr Dr m\u00e9d. Nicolas von der Weid<br \/>\nChef du service d&#8217;oncologie\/h\u00e9matologie, H\u00f4pital p\u00e9diatrique universitaire des deux B\u00e2le<\/p>\n\n\t<\/div>\n<\/div>\n\n<div class=\"team-member\">\n\t<div class=\"team-member-portrait\">\n\t\t\t<img loading=\"lazy\" decoding=\"async\" width=\"170\" height=\"200\" src=\"https:\/\/cardiosurvivor.ch\/wp-content\/uploads\/Schindera_Christina-170x200.jpg\" class=\"attachment-team-member size-team-member\" alt=\"\" srcset=\"https:\/\/cardiosurvivor.ch\/wp-content\/uploads\/Schindera_Christina-170x200.jpg 170w, https:\/\/cardiosurvivor.ch\/wp-content\/uploads\/Schindera_Christina-255x300.jpg 255w, https:\/\/cardiosurvivor.ch\/wp-content\/uploads\/Schindera_Christina.jpg 340w\" sizes=\"auto, (max-width: 170px) 100vw, 170px\" \/>\n\t<\/div>\n\t<div class=\"team-member-text\">\n\t\t<p>Oncologue p\u00e9diatrique<\/p>\n<p>PD Dre m\u00e9d. Christina Schindera, PhD<br \/>\nCheffe de clinique en oncologie\/h\u00e9matologie, H\u00f4pital p\u00e9diatrique universitaire des deux B\u00e2le<\/p>\n\n\t<\/div>\n<\/div>\n\n<div class=\"team-member\">\n\t<div class=\"team-member-portrait\">\n\t\t\t<img loading=\"lazy\" decoding=\"async\" width=\"170\" height=\"200\" src=\"https:\/\/cardiosurvivor.ch\/wp-content\/uploads\/Zioerjen_Andrea2-1-e1686042566375-170x200.jpg\" class=\"attachment-team-member size-team-member\" alt=\"\" srcset=\"https:\/\/cardiosurvivor.ch\/wp-content\/uploads\/Zioerjen_Andrea2-1-e1686042566375-170x200.jpg 170w, https:\/\/cardiosurvivor.ch\/wp-content\/uploads\/Zioerjen_Andrea2-1-e1686042566375-340x400.jpg 340w\" sizes=\"auto, (max-width: 170px) 100vw, 170px\" \/>\n\t<\/div>\n\t<div class=\"team-member-text\">\n\t\t<p>Infirmi\u00e8re de recherche clinique<\/p>\n<p>Andrea Zi\u00f6rjen<br \/>\nInfirmi\u00e8re dipl\u00f4m\u00e9e<br \/>\nEmail: <a href=\"mailto:info@cardiosurvivor.ch\">info@cardiosurvivor.ch<\/a><br \/>\nT\u00e9l: <a href=\"tel:+41316843975\">+41 31 684 39 75<\/a><\/p>\n\n\t<\/div>\n<\/div>\n\n<div class=\"team-member\">\n\t<div class=\"team-member-portrait\">\n\t\t\t<img loading=\"lazy\" decoding=\"async\" width=\"170\" height=\"200\" src=\"https:\/\/cardiosurvivor.ch\/wp-content\/uploads\/Gaby_Frey-170x200.jpg\" class=\"attachment-team-member size-team-member\" alt=\"\" srcset=\"https:\/\/cardiosurvivor.ch\/wp-content\/uploads\/Gaby_Frey-170x200.jpg 170w, https:\/\/cardiosurvivor.ch\/wp-content\/uploads\/Gaby_Frey-255x300.jpg 255w, https:\/\/cardiosurvivor.ch\/wp-content\/uploads\/Gaby_Frey.jpg 340w\" sizes=\"auto, (max-width: 170px) 100vw, 170px\" \/>\n\t<\/div>\n\t<div class=\"team-member-text\">\n\t\t<div>\n<p>Secr\u00e9tariat de planification<\/p>\n<\/div>\n<div>Gaby Frey<br \/>\nUniversit\u00e4tsspital Basel<br \/>\nPr\u00e9vention cardiovasculaire Cardiologie<br \/>\nGellertstrasse 120, 4052 Basel<br \/>\nEmail: <a href=\"mailto:info@cardiosurvivor.ch\">info@cardiosurvivor.ch<\/a><br \/>\nT\u00e9l: <a href=\"tel:+41316843975\">+41 31 684 39 75<\/a><\/div>\n\n\t<\/div>\n<\/div>\n\n<div class=\"team-member\">\n\t<div class=\"team-member-portrait\">\n\t\t\t<img loading=\"lazy\" decoding=\"async\" width=\"170\" height=\"200\" src=\"https:\/\/cardiosurvivor.ch\/wp-content\/uploads\/Pahon_Antonia-1-170x200.jpg\" class=\"attachment-team-member size-team-member\" alt=\"\" srcset=\"https:\/\/cardiosurvivor.ch\/wp-content\/uploads\/Pahon_Antonia-1-170x200.jpg 170w, https:\/\/cardiosurvivor.ch\/wp-content\/uploads\/Pahon_Antonia-1-255x300.jpg 255w, https:\/\/cardiosurvivor.ch\/wp-content\/uploads\/Pahon_Antonia-1.jpg 340w\" sizes=\"auto, (max-width: 170px) 100vw, 170px\" \/>\n\t<\/div>\n\t<div class=\"team-member-text\">\n\t\t<p>Secr\u00e9tariat de planification<\/p>\n<p>Antonia Pahon<br \/>\nUniversit\u00e4tsspital Basel<br \/>\nPr\u00e9vention cardiovasculaire Cardiologie<br \/>\nGellertstrasse 120, 4052 Basel<br \/>\nEmail: <a href=\"mailto:info@cardiosurvivor.ch\">info@cardiosurvivor.ch<\/a><br \/>\nT\u00e9l: <a href=\"tel:+41316843975\">+41 31 684 39 75<\/a><\/p>\n\n\t<\/div>\n<\/div>\n<\/div>\n<\/div><\/div><\/div>\n<\/div><div  class=\"page-section style-default\">\n\t<div class=\"section-grid grid-layout\"><div  style=\"--grid-layout-index: 1; --col-xs: 2; --col-sm: 2; --col-md: 2; --col-lg: 2; --col-xl: 2\" class=\"section-item\"><div class=\"cell style-default\"><h2>\u00c9quipe de l&#8217;H\u00f4pital de l&#8217;\u00cele, H\u00f4pital universitaire de Berne<\/h2>\n\n<div class=\"team grid-layout\">\n<div class=\"team-member\">\n\t<div class=\"team-member-portrait\">\n\t\t\t<img loading=\"lazy\" decoding=\"async\" width=\"170\" height=\"200\" src=\"https:\/\/cardiosurvivor.ch\/wp-content\/uploads\/Suter_ESC-170x200.jpg\" class=\"attachment-team-member size-team-member\" alt=\"\" srcset=\"https:\/\/cardiosurvivor.ch\/wp-content\/uploads\/Suter_ESC-170x200.jpg 170w, https:\/\/cardiosurvivor.ch\/wp-content\/uploads\/Suter_ESC-255x300.jpg 255w, https:\/\/cardiosurvivor.ch\/wp-content\/uploads\/Suter_ESC.jpg 340w\" sizes=\"auto, (max-width: 170px) 100vw, 170px\" \/>\n\t<\/div>\n\t<div class=\"team-member-text\">\n\t\t<p>Cardiologue<\/p>\n<p>Pr Dr m\u00e9d. Thomas Suter<br \/>\nM\u00e9decin-chef, responsable de la cardio-oncologie<\/p>\n\n\t<\/div>\n<\/div>\n\n<div class=\"team-member\">\n\t<div class=\"team-member-portrait\">\n\t\t\t<img loading=\"lazy\" decoding=\"async\" width=\"170\" height=\"200\" src=\"https:\/\/cardiosurvivor.ch\/wp-content\/uploads\/Waespe_Nicolas-170x200.jpg\" class=\"attachment-team-member size-team-member\" alt=\"\" srcset=\"https:\/\/cardiosurvivor.ch\/wp-content\/uploads\/Waespe_Nicolas-170x200.jpg 170w, https:\/\/cardiosurvivor.ch\/wp-content\/uploads\/Waespe_Nicolas-340x400.jpg 340w\" sizes=\"auto, (max-width: 170px) 100vw, 170px\" \/>\n\t<\/div>\n\t<div class=\"team-member-text\">\n\t\t<p>Oncologue p\u00e9diatrique<\/p>\n<p>Dr m\u00e9d. Nicolas Waespe, PhD<\/p>\n<p>Chef du service d\u2019oncologie\/h\u00e9matologie<\/p>\n<p>H\u00f4pital p\u00e9diatrique universitaire<\/p>\n\n\t<\/div>\n<\/div>\n\n<div class=\"team-member\">\n\t<div class=\"team-member-portrait\">\n\t\t\t<img loading=\"lazy\" decoding=\"async\" width=\"170\" height=\"200\" src=\"https:\/\/cardiosurvivor.ch\/wp-content\/uploads\/Zioerjen_Andrea2-1-e1686042566375-170x200.jpg\" class=\"attachment-team-member size-team-member\" alt=\"\" srcset=\"https:\/\/cardiosurvivor.ch\/wp-content\/uploads\/Zioerjen_Andrea2-1-e1686042566375-170x200.jpg 170w, https:\/\/cardiosurvivor.ch\/wp-content\/uploads\/Zioerjen_Andrea2-1-e1686042566375-340x400.jpg 340w\" sizes=\"auto, (max-width: 170px) 100vw, 170px\" \/>\n\t<\/div>\n\t<div class=\"team-member-text\">\n\t\t<p>Infirmi\u00e8re de recherche clinique<\/p>\n<p>Andrea Zi\u00f6rjen<br \/>\nInfirmi\u00e8re dipl\u00f4m\u00e9e<br \/>\nEmail: <a href=\"mailto:info@cardiosurvivor.ch\">info@cardiosurvivor.ch<\/a><br \/>\nT\u00e9l: <a href=\"tel:+41316843975\">+41 31 684 39 75<\/a><\/p>\n\n\t<\/div>\n<\/div>\n\n<div class=\"team-member\">\n\t<div class=\"team-member-portrait\">\n\t\t\t<img loading=\"lazy\" decoding=\"async\" width=\"170\" height=\"200\" src=\"https:\/\/cardiosurvivor.ch\/wp-content\/uploads\/Florije_Imeroska-170x200.jpg\" class=\"attachment-team-member size-team-member\" alt=\"\" srcset=\"https:\/\/cardiosurvivor.ch\/wp-content\/uploads\/Florije_Imeroska-170x200.jpg 170w, https:\/\/cardiosurvivor.ch\/wp-content\/uploads\/Florije_Imeroska-255x300.jpg 255w, https:\/\/cardiosurvivor.ch\/wp-content\/uploads\/Florije_Imeroska.jpg 340w\" sizes=\"auto, (max-width: 170px) 100vw, 170px\" \/>\n\t<\/div>\n\t<div class=\"team-member-text\">\n\t\t<p>Secr\u00e9tariat de planification<\/p>\n<p>Florije Imeroska<br \/>\nSecr\u00e9tariat de cardiologie<br \/>\nEmail: <a href=\"mailto:info@cardiosurvivor.ch\">info@cardiosurvivor.ch<\/a><br \/>\nT\u00e9l: <a href=\"tel:+41316843975\">+41 31 684 39 75<\/a><\/p>\n\n\t<\/div>\n<\/div>\n<\/div>\n<\/div><\/div><\/div>\n<\/div><div  class=\"page-section style-default\">\n\t<div class=\"section-grid grid-layout\"><div  style=\"--grid-layout-index: 1; --col-xs: 2; --col-sm: 2; --col-md: 2; --col-lg: 2; --col-xl: 2\" class=\"section-item\"><div class=\"cell style-default\"><h2>\u00c9quipe de l&#8217;H\u00f4pital cantonal de Saint-Gall<\/h2>\n\n<div class=\"team grid-layout\">\n<div class=\"team-member\">\n\t<div class=\"team-member-portrait\">\n\t\t\t<img loading=\"lazy\" decoding=\"async\" width=\"170\" height=\"200\" src=\"https:\/\/cardiosurvivor.ch\/wp-content\/uploads\/Scheler_Evi_2-170x200.jpg\" class=\"attachment-team-member size-team-member\" alt=\"\" srcset=\"https:\/\/cardiosurvivor.ch\/wp-content\/uploads\/Scheler_Evi_2-170x200.jpg 170w, https:\/\/cardiosurvivor.ch\/wp-content\/uploads\/Scheler_Evi_2-340x400.jpg 340w\" sizes=\"auto, (max-width: 170px) 100vw, 170px\" \/>\n\t<\/div>\n\t<div class=\"team-member-text\">\n\t\t<p>Cardiologue<\/p>\n<p>Dre m\u00e9d. Eva Scheler<br \/>\nM\u00e9decin-cheffe, Clinique de cardiologie<\/p>\n\n\t<\/div>\n<\/div>\n\n<div class=\"team-member\">\n\t<div class=\"team-member-portrait\">\n\t\t\t<img loading=\"lazy\" decoding=\"async\" width=\"170\" height=\"200\" src=\"https:\/\/cardiosurvivor.ch\/wp-content\/uploads\/Scheinemann_Katrin-e1687174486312-170x200.png\" class=\"attachment-team-member size-team-member\" alt=\"\" srcset=\"https:\/\/cardiosurvivor.ch\/wp-content\/uploads\/Scheinemann_Katrin-e1687174486312-170x200.png 170w, https:\/\/cardiosurvivor.ch\/wp-content\/uploads\/Scheinemann_Katrin-e1687174486312-340x400.png 340w\" sizes=\"auto, (max-width: 170px) 100vw, 170px\" \/>\n\t<\/div>\n\t<div class=\"team-member-text\">\n\t\t<p>Oncologue p\u00e9diatrique<\/p>\n<p>Pr Dre m\u00e9d. Katrin Scheinemann<br \/>\nCheffe du service d&#8217;oncologie\/h\u00e9matologie<br \/>\nH\u00f4pital p\u00e9diatrique de Suisse orientale<\/p>\n\n\t<\/div>\n<\/div>\n\n<div class=\"team-member\">\n\t<div class=\"team-member-portrait\">\n\t\t\t<img loading=\"lazy\" decoding=\"async\" width=\"170\" height=\"200\" src=\"https:\/\/cardiosurvivor.ch\/wp-content\/uploads\/Vetsch_Susanne_Brille_2-170x200.jpg\" class=\"attachment-team-member size-team-member\" alt=\"\" srcset=\"https:\/\/cardiosurvivor.ch\/wp-content\/uploads\/Vetsch_Susanne_Brille_2-170x200.jpg 170w, https:\/\/cardiosurvivor.ch\/wp-content\/uploads\/Vetsch_Susanne_Brille_2-340x400.jpg 340w\" sizes=\"auto, (max-width: 170px) 100vw, 170px\" \/>\n\t<\/div>\n\t<div class=\"team-member-text\">\n\t\t<p>Coordination de l&#8217;\u00e9tude\/planification des d\u00e9lais<\/p>\n<p>Susanne Vetsch<br \/>\nClinique de cardiologie<br \/>\nEmail: <a href=\"mailto:info@cardiosurvivor.ch\">info@cardiosurvivor.ch<\/a><br \/>\nT\u00e9l: <a href=\"tel:+41316843975\">+41 31 684 39 75<\/a><\/p>\n<p>&nbsp;<\/p>\n\n\t<\/div>\n<\/div>\n<\/div>\n<\/div><\/div><\/div>\n<\/div><div  class=\"page-section style-default\">\n\t<div class=\"section-grid grid-layout\"><div  style=\"--grid-layout-index: 1; --col-xs: 2; --col-sm: 2; --col-md: 2; --col-lg: 2; --col-xl: 2\" class=\"section-item\"><div class=\"cell style-default\"><h2>\u00c9quipe de l&#8217;H\u00f4pital universitaire de Gen\u00e8ve<\/h2>\n\n<div class=\"team grid-layout\">\n<div class=\"team-member\">\n\t<div class=\"team-member-portrait\">\n\t\t\t<img loading=\"lazy\" decoding=\"async\" width=\"170\" height=\"200\" src=\"https:\/\/cardiosurvivor.ch\/wp-content\/uploads\/Ansari_Marc-170x200.jpg\" class=\"attachment-team-member size-team-member\" alt=\"\" srcset=\"https:\/\/cardiosurvivor.ch\/wp-content\/uploads\/Ansari_Marc-170x200.jpg 170w, https:\/\/cardiosurvivor.ch\/wp-content\/uploads\/Ansari_Marc-255x300.jpg 255w, https:\/\/cardiosurvivor.ch\/wp-content\/uploads\/Ansari_Marc.jpg 340w\" sizes=\"auto, (max-width: 170px) 100vw, 170px\" \/>\n\t<\/div>\n\t<div class=\"team-member-text\">\n\t\t<p>Oncologue p\u00e9diatrique<\/p>\n<p>Pr Dr m\u00e9d. Marc Ansari<br \/>\nChef du service d&#8217;oncologie\/h\u00e9matologie, HUG<\/p>\n\n\t<\/div>\n<\/div>\n\n<div class=\"team-member\">\n\t<div class=\"team-member-portrait\">\n\t\t\t<img loading=\"lazy\" decoding=\"async\" width=\"170\" height=\"200\" src=\"https:\/\/cardiosurvivor.ch\/wp-content\/uploads\/Fabienne_Gumy_Pause2-170x200.png\" class=\"attachment-team-member size-team-member\" alt=\"\" srcset=\"https:\/\/cardiosurvivor.ch\/wp-content\/uploads\/Fabienne_Gumy_Pause2-170x200.png 170w, https:\/\/cardiosurvivor.ch\/wp-content\/uploads\/Fabienne_Gumy_Pause2-340x400.png 340w\" sizes=\"auto, (max-width: 170px) 100vw, 170px\" \/>\n\t<\/div>\n\t<div class=\"team-member-text\">\n\t\t<p>Oncologue p\u00e9diatrique<\/p>\n<p>Dre m\u00e9d. Fabienne Gumy Pause<br \/>\nResponsable du programme de suivi \u00e0 long terme<\/p>\n\n\t<\/div>\n<\/div>\n\n<div class=\"team-member\">\n\t<div class=\"team-member-portrait\">\n\t\t\t<img loading=\"lazy\" decoding=\"async\" width=\"170\" height=\"200\" src=\"https:\/\/cardiosurvivor.ch\/wp-content\/uploads\/Nana_Poku_picture_2-1-170x200.jpg\" class=\"attachment-team-member size-team-member\" alt=\"\" srcset=\"https:\/\/cardiosurvivor.ch\/wp-content\/uploads\/Nana_Poku_picture_2-1-170x200.jpg 170w, https:\/\/cardiosurvivor.ch\/wp-content\/uploads\/Nana_Poku_picture_2-1-340x400.jpg 340w\" sizes=\"auto, (max-width: 170px) 100vw, 170px\" \/>\n\t<\/div>\n\t<div class=\"team-member-text\">\n\t\t<p>Cardiologue<\/p>\n<p>Dr m\u00e9d. Nana Poku<br \/>\nResponsable cardio-oncologie, Clinique universitaire de cardiologie<\/p>\n\n\t<\/div>\n<\/div>\n<\/div>\n<\/div><\/div><\/div>\n<\/div><div  class=\"page-section style-default\">\n\t<div class=\"section-grid grid-layout\"><div  style=\"--grid-layout-index: 1; --col-xs: 2; --col-sm: 2; --col-md: 2; --col-lg: 2; --col-xl: 2\" class=\"section-item\"><div class=\"cell style-default\"><h2>\u00c9quipe de l&#8217;H\u00f4pital cantonal de Lucerne<\/h2>\n\n<div class=\"team grid-layout\">\n<div class=\"team-member\">\n\t<div class=\"team-member-portrait\">\n\t\t\t<img loading=\"lazy\" decoding=\"async\" width=\"170\" height=\"200\" src=\"https:\/\/cardiosurvivor.ch\/wp-content\/uploads\/Kurmann_Reto-170x200.jpg\" class=\"attachment-team-member size-team-member\" alt=\"\" srcset=\"https:\/\/cardiosurvivor.ch\/wp-content\/uploads\/Kurmann_Reto-170x200.jpg 170w, https:\/\/cardiosurvivor.ch\/wp-content\/uploads\/Kurmann_Reto-255x300.jpg 255w, https:\/\/cardiosurvivor.ch\/wp-content\/uploads\/Kurmann_Reto.jpg 340w\" sizes=\"auto, (max-width: 170px) 100vw, 170px\" \/>\n\t<\/div>\n\t<div class=\"team-member-text\">\n\t\t<p>Cardiologue<\/p>\n<p>Dr m\u00e9d. Reto Kurmann<br \/>\nM\u00e9decin-chef du centre de cardiologie de l&#8217;h\u00f4pital cantonal de Lucerne<\/p>\n\n\t<\/div>\n<\/div>\n\n<div class=\"team-member\">\n\t<div class=\"team-member-portrait\">\n\t\t\t<img loading=\"lazy\" decoding=\"async\" width=\"170\" height=\"200\" src=\"https:\/\/cardiosurvivor.ch\/wp-content\/uploads\/Schilling_Freimut-1-170x200.jpg\" class=\"attachment-team-member size-team-member\" alt=\"\" srcset=\"https:\/\/cardiosurvivor.ch\/wp-content\/uploads\/Schilling_Freimut-1-170x200.jpg 170w, https:\/\/cardiosurvivor.ch\/wp-content\/uploads\/Schilling_Freimut-1-255x300.jpg 255w, https:\/\/cardiosurvivor.ch\/wp-content\/uploads\/Schilling_Freimut-1.jpg 340w\" sizes=\"auto, (max-width: 170px) 100vw, 170px\" \/>\n\t<\/div>\n\t<div class=\"team-member-text\">\n\t\t<p>Oncologue p\u00e9diatrique<\/p>\n<p>Dr m\u00e9d. Freimut H. Schilling<br \/>\nChef du service d&#8217;oncologie\/h\u00e9matologie<br \/>\nH\u00f4pital pour enfants de Lucerne<\/p>\n\n\t<\/div>\n<\/div>\n\n<div class=\"team-member\">\n\t<div class=\"team-member-portrait\">\n\t\t\t<img loading=\"lazy\" decoding=\"async\" width=\"170\" height=\"200\" src=\"https:\/\/cardiosurvivor.ch\/wp-content\/uploads\/Zioerjen_Andrea2-1-e1686042566375-170x200.jpg\" class=\"attachment-team-member size-team-member\" alt=\"\" srcset=\"https:\/\/cardiosurvivor.ch\/wp-content\/uploads\/Zioerjen_Andrea2-1-e1686042566375-170x200.jpg 170w, https:\/\/cardiosurvivor.ch\/wp-content\/uploads\/Zioerjen_Andrea2-1-e1686042566375-340x400.jpg 340w\" sizes=\"auto, (max-width: 170px) 100vw, 170px\" \/>\n\t<\/div>\n\t<div class=\"team-member-text\">\n\t\t<p>Infirmi\u00e8re de recherche clinique<\/p>\n<p>Andrea Zi\u00f6rjen<br \/>\nInfirmi\u00e8re dipl\u00f4m\u00e9e<br \/>\nEmail: <a href=\"mailto:info@cardiosurvivor.ch\">info@cardiosurvivor.ch<\/a><br \/>\nT\u00e9l: <a href=\"tel:+41316843975\">+41 31 684 39 75<\/a><\/p>\n\n\t<\/div>\n<\/div>\n<\/div>\n<\/div><\/div><\/div>\n<\/div><div  class=\"page-section style-lavender\">\n\t<div class=\"section-grid grid-layout\"><div  style=\"--grid-layout-index: 1; --col-xs: 2; --col-sm: 2; --col-md: 2; --col-lg: 2; --col-xl: 2\" class=\"section-item\"><div class=\"cell style-default\"><div class=\"buttons\">\n\t<div class=\"button-group\">\n\n\t\t\t<a\n\t\t\t\thref=\"https:\/\/cardiosurvivor.ch\/fr\/inscription\/\" class=\"button style-default\"\n\t\t\t>\n\t\t\t\tInscription\n\t\t\t<\/a>\n\t<\/div>\n<\/div><\/div><\/div><\/div>\n<\/div>","protected":false},"excerpt":{"rendered":"<p>\u00c9quipe\u00a0d\u2019\u00e9tude de l\u2019Institut de m\u00e9decine sociale et pr\u00e9ventive, Universit\u00e9 de Berne Oncologue p\u00e9diatrique PD Dre m\u00e9d. Christina Schindera, PhD Groupe de recherche sur le cancer de l&#8217;enfant Email: info@cardiosurvivor.ch Email: christina.schindera@ukbb.ch T\u00e9l: +41 61 704 25 72 &nbsp; Dr m\u00e9d. Tomas Slama, PhD Groupe de recherche sur le cancer de l&#8217;enfant Email: info@cardiosurvivor.ch Dr m\u00e9d. [&hellip;]<\/p>\n","protected":false},"author":1,"featured_media":0,"parent":0,"menu_order":0,"comment_status":"closed","ping_status":"closed","template":"","meta":{"_acf_changed":false,"inline_featured_image":false,"footnotes":""},"class_list":["post-525","page","type-page","status-publish","hentry"],"acf":[],"_links":{"self":[{"href":"https:\/\/cardiosurvivor.ch\/fr\/wp-json\/wp\/v2\/pages\/525","targetHints":{"allow":["GET"]}}],"collection":[{"href":"https:\/\/cardiosurvivor.ch\/fr\/wp-json\/wp\/v2\/pages"}],"about":[{"href":"https:\/\/cardiosurvivor.ch\/fr\/wp-json\/wp\/v2\/types\/page"}],"author":[{"embeddable":true,"href":"https:\/\/cardiosurvivor.ch\/fr\/wp-json\/wp\/v2\/users\/1"}],"replies":[{"embeddable":true,"href":"https:\/\/cardiosurvivor.ch\/fr\/wp-json\/wp\/v2\/comments?post=525"}],"version-history":[{"count":10,"href":"https:\/\/cardiosurvivor.ch\/fr\/wp-json\/wp\/v2\/pages\/525\/revisions"}],"predecessor-version":[{"id":1457,"href":"https:\/\/cardiosurvivor.ch\/fr\/wp-json\/wp\/v2\/pages\/525\/revisions\/1457"}],"wp:attachment":[{"href":"https:\/\/cardiosurvivor.ch\/fr\/wp-json\/wp\/v2\/media?parent=525"}],"curies":[{"name":"wp","href":"https:\/\/api.w.org\/{rel}","templated":true}]}}