{"id":504,"date":"2023-04-24T09:23:31","date_gmt":"2023-04-24T07:23:31","guid":{"rendered":"https:\/\/cardiosurvivor.ch\/faq\/"},"modified":"2023-06-12T09:14:57","modified_gmt":"2023-06-12T07:14:57","slug":"faq","status":"publish","type":"page","link":"https:\/\/cardiosurvivor.ch\/fr\/faq\/","title":{"rendered":"FAQ"},"content":{"rendered":"<div  class=\"page-section style-light-beige\">\n\t<div class=\"section-grid grid-layout\"><div  style=\"--grid-layout-index: 1; --col-xs: 2; --col-sm: 2; --col-md: 2; --col-lg: 2; --col-xl: 2\" class=\"section-item\"><div class=\"cell style-default\"><h1>FAQ<\/h1>\n<\/div><\/div><div  style=\"--grid-layout-index: 2; --col-xs: 2; --col-sm: 2; --col-md: 2; --col-lg: 2; --col-xl: 2\" class=\"section-item\"><div class=\"cell style-default\">\n<div class=\"wpce-accordion accordion\" id=\"a-quoi-puis-je-mattendre-le-jour-de-lexamen\">\n\t<button\n\t\ttype=\"button\"\n\t\tclass=\"accordion-heading\"\n\t\tid=\"accordion-header-860a69bc-f119-4ee5-9fde-ba8ee96048ae\"\n\t\taria-controls=\"accordion-content-860a69bc-f119-4ee5-9fde-ba8ee96048ae\"\n\t>\u00c0 quoi puis-je m&#8217;attendre le jour de l&#8217;examen ?<\/button>\n\t<div\n\t\tclass=\"accordion-inner\"\n\t\tid=\"accordion-content-860a69bc-f119-4ee5-9fde-ba8ee96048ae\"\n\t\trole=\"region\"\n\t\taria-labelledby=\"accordion-header-860a69bc-f119-4ee5-9fde-ba8ee96048ae\"\n\t>\n<p>Le jour de l&#8217;examen, la sant\u00e9 et les performances de votre c\u0153ur seront examin\u00e9es. Apr\u00e8s le check-up, vous recevrez une \u00e9valuation m\u00e9dicale de l&#8217;\u00e9tat de votre sant\u00e9 cardiaque et, si n\u00e9cessaire, une premi\u00e8re d\u00e9marche de traitement pourrait \u00eatre lanc\u00e9e. Un d\u00e9pistage pr\u00e9coce et un traitement personnalis\u00e9 permettent de renforcer le c\u0153ur et d&#8217;\u00e9viter une d\u00e9t\u00e9rioration potentielle.<\/p>\n<p>Si l&#8217;examen ne r\u00e9v\u00e8le rien, vous avez la certitude que votre c\u0153ur est en bonne sant\u00e9.<\/p>\n\t<\/div>\n<\/div><\/div>\n<div class=\"cell style-default\">\n<div class=\"wpce-accordion accordion\" id=\"combien-de-temps-ca-va-prendre\">\n\t<button\n\t\ttype=\"button\"\n\t\tclass=\"accordion-heading\"\n\t\tid=\"accordion-header-3905bf1f-2bd4-4370-9ece-e51f5929f8e8\"\n\t\taria-controls=\"accordion-content-3905bf1f-2bd4-4370-9ece-e51f5929f8e8\"\n\t>Combien de temps \u00e7a va prendre ?<\/button>\n\t<div\n\t\tclass=\"accordion-inner\"\n\t\tid=\"accordion-content-3905bf1f-2bd4-4370-9ece-e51f5929f8e8\"\n\t\trole=\"region\"\n\t\taria-labelledby=\"accordion-header-3905bf1f-2bd4-4370-9ece-e51f5929f8e8\"\n\t>\n<p>La consultation dure environ 2-2,5 heures.<\/p>\n\t<\/div>\n<\/div><\/div>\n<div class=\"cell style-default\">\n<div class=\"wpce-accordion accordion\" id=\"combien-de-temps-faut-il-pour-que-les-resultats-parviennent-a-mon-ma-medecin-de-famille\">\n\t<button\n\t\ttype=\"button\"\n\t\tclass=\"accordion-heading\"\n\t\tid=\"accordion-header-83f3cbda-f1b2-4db8-8cec-ae01946fa7a6\"\n\t\taria-controls=\"accordion-content-83f3cbda-f1b2-4db8-8cec-ae01946fa7a6\"\n\t>Combien de temps faut-il pour que les r\u00e9sultats parviennent \u00e0 mon\/ma m\u00e9decin de famille ?<\/button>\n\t<div\n\t\tclass=\"accordion-inner\"\n\t\tid=\"accordion-content-83f3cbda-f1b2-4db8-8cec-ae01946fa7a6\"\n\t\trole=\"region\"\n\t\taria-labelledby=\"accordion-header-83f3cbda-f1b2-4db8-8cec-ae01946fa7a6\"\n\t>\n<p>Les rapports m\u00e9dicaux sont trait\u00e9s rapidement et parviennent \u00e0 votre m\u00e9decin de famille environ au bout d&#8217;une semaine.<\/p>\n\t<\/div>\n<\/div><\/div>\n<div class=\"cell style-default\">\n<div class=\"wpce-accordion accordion\" id=\"les-frais-sont-ils-pris-en-charge-par-ma-caisse-maladie\">\n\t<button\n\t\ttype=\"button\"\n\t\tclass=\"accordion-heading\"\n\t\tid=\"accordion-header-a8ef7a50-aea0-46ce-b055-ca3f7dfe71c4\"\n\t\taria-controls=\"accordion-content-a8ef7a50-aea0-46ce-b055-ca3f7dfe71c4\"\n\t>Les frais sont-ils pris en charge par ma caisse maladie ?<\/button>\n\t<div\n\t\tclass=\"accordion-inner\"\n\t\tid=\"accordion-content-a8ef7a50-aea0-46ce-b055-ca3f7dfe71c4\"\n\t\trole=\"region\"\n\t\taria-labelledby=\"accordion-header-a8ef7a50-aea0-46ce-b055-ca3f7dfe71c4\"\n\t>\n<p>Les frais d&#8217;examen pour la consultation de suivi cardiaque sont factur\u00e9s par l&#8217;h\u00f4pital \u00e0 vous ou \u00e0 votre caisse maladie. Si vous avez une franchise \u00e9lev\u00e9e, vous pourriez donc avoir des frais \u00e0 payer. La courte partie de l&#8217;\u00e9tude est bien entendu gratuite.<\/p>\n\t<\/div>\n<\/div><\/div>\n<div class=\"cell style-default\">\n<div class=\"wpce-accordion accordion\" id=\"dois-je-apporter-des-vetements-speciaux\">\n\t<button\n\t\ttype=\"button\"\n\t\tclass=\"accordion-heading\"\n\t\tid=\"accordion-header-6d4449e2-9181-4efd-af98-a00e0fdb8ddf\"\n\t\taria-controls=\"accordion-content-6d4449e2-9181-4efd-af98-a00e0fdb8ddf\"\n\t>Dois-je apporter des v\u00eatements sp\u00e9ciaux ?<\/button>\n\t<div\n\t\tclass=\"accordion-inner\"\n\t\tid=\"accordion-content-6d4449e2-9181-4efd-af98-a00e0fdb8ddf\"\n\t\trole=\"region\"\n\t\taria-labelledby=\"accordion-header-6d4449e2-9181-4efd-af98-a00e0fdb8ddf\"\n\t>\n<p>Si vous souhaitez effectuer le test d&#8217;effort cardio-vasculaire (spiroergom\u00e9trie), il est recommand\u00e9 de porter des chaussures et des v\u00eatements de sport.<\/p>\n\t<\/div>\n<\/div><\/div>\n<div class=\"cell style-default\">\n<div class=\"wpce-accordion accordion\" id=\"puis-je-egalement-effectuer-le-test-deffort-cardiovasculaire-avec-une-prothese-de-jambe\">\n\t<button\n\t\ttype=\"button\"\n\t\tclass=\"accordion-heading\"\n\t\tid=\"accordion-header-f98d5cc7-2e20-4e4f-a876-043e53572876\"\n\t\taria-controls=\"accordion-content-f98d5cc7-2e20-4e4f-a876-043e53572876\"\n\t>Puis-je \u00e9galement effectuer le test d&#8217;effort cardiovasculaire avec une proth\u00e8se de jambe ?<\/button>\n\t<div\n\t\tclass=\"accordion-inner\"\n\t\tid=\"accordion-content-f98d5cc7-2e20-4e4f-a876-043e53572876\"\n\t\trole=\"region\"\n\t\taria-labelledby=\"accordion-header-f98d5cc7-2e20-4e4f-a876-043e53572876\"\n\t>\n<p>Si vous pouvez faire du v\u00e9lo avec la proth\u00e8se de jambe sous charge, il est \u00e9galement possible de passer le test avec une proth\u00e8se de jambe.<\/p>\n<p>Toutefois, au moindre risque de surcharge m\u00e9canique, nous vous recommandons de renoncer \u00e0 cet examen.<\/p>\n\t<\/div>\n<\/div><\/div>\n<div class=\"cell style-default\">\n<div class=\"wpce-accordion accordion\" id=\"a-qui-puis-je-madresser-pour-le-suivi-des-survivants\">\n\t<button\n\t\ttype=\"button\"\n\t\tclass=\"accordion-heading\"\n\t\tid=\"accordion-header-78441ee5-48a1-4017-8fc7-b9edcf508cfa\"\n\t\taria-controls=\"accordion-content-78441ee5-48a1-4017-8fc7-b9edcf508cfa\"\n\t>\u00c0 qui puis-je m&#8217;adresser pour le suivi des survivants ?<\/button>\n\t<div\n\t\tclass=\"accordion-inner\"\n\t\tid=\"accordion-content-78441ee5-48a1-4017-8fc7-b9edcf508cfa\"\n\t\trole=\"region\"\n\t\taria-labelledby=\"accordion-header-78441ee5-48a1-4017-8fc7-b9edcf508cfa\"\n\t>\n<p>Jusqu&#8217;\u00e0 pr\u00e9sent, il n&#8217;existe pas d&#8217;offre g\u00e9n\u00e9ralis\u00e9e pour le suivi individuel du cancer de l&#8217;enfant en Suisse. Certains h\u00f4pitaux suisses proposent la consultation Passport for Care, qui est une recommandation de suivi personnalis\u00e9e pour les survivants.<br \/>\n\u00c0 l&#8217;H\u00f4pital de l&#8217;\u00cele de Berne et \u00e0 l&#8217;H\u00f4pital cantonal de Lucerne, nous travaillons en \u00e9troite collaboration avec leurs sp\u00e9cialistes et essayons, chaque fois que cela est possible, de combiner ces consultations avec la consultation de suivi cardiaque.<\/p>\n<ul>\n<li><a href=\"http:\/\/www.kinderklinik.insel.ch\/de\/unser-angebot\/onkologie\/survivors-passport-for-care\">Passport for Care-Consultation Bern<\/a><\/li>\n<li><a href=\"https:\/\/www.luks.ch\/standorte\/standort-luzern\/innere-medizin\/leistungsangebot-innere-medizin-luzern\/childhood-cancer-survivor-nachsorgesprechstunde\">Passeport for Care-Consultation Luzern<\/a><\/li>\n<\/ul>\n<p>&nbsp;<\/p>\n<p>Vous trouverez la liste des autres h\u00f4pitaux qui proposent une consultation de suivi pour les survivants aupr\u00e8s de <a href=\"https:\/\/www.kinderkrebs-schweiz.ch\/fr\/survivors\/soin-de-suivi\">l&#8217;association Cancer de l&#8217;Enfant en Suisse<\/a><\/p>\n\t<\/div>\n<\/div><\/div><\/div><div  style=\"--grid-layout-index: 3; --col-xs: 2; --col-sm: 2; --col-md: 2; --col-lg: 2; --col-xl: 2\" class=\"section-item\"><div class=\"cell style-default\"><div class=\"buttons\">\n\t<div class=\"button-group\">\n\n\t\t\t<a\n\t\t\t\thref=\"https:\/\/cardiosurvivor.ch\/fr\/deroulement-de-la-consultation\/\" class=\"button style-default\"\n\t\t\t>\n\t\t\t\tEn savoir plus sur le d\u00e9roulement de la consultation\n\t\t\t<\/a>\n\t<\/div>\n<\/div><\/div><\/div><\/div>\n<\/div>","protected":false},"excerpt":{"rendered":"<p>FAQ \u00c0 quoi puis-je m&#8217;attendre le jour de l&#8217;examen ? Le jour de l&#8217;examen, la sant\u00e9 et les performances de votre c\u0153ur seront examin\u00e9es. Apr\u00e8s le check-up, vous recevrez une \u00e9valuation m\u00e9dicale de l&#8217;\u00e9tat de votre sant\u00e9 cardiaque et, si n\u00e9cessaire, une premi\u00e8re d\u00e9marche de traitement pourrait \u00eatre lanc\u00e9e. Un d\u00e9pistage pr\u00e9coce et un traitement [&hellip;]<\/p>\n","protected":false},"author":1,"featured_media":0,"parent":0,"menu_order":0,"comment_status":"closed","ping_status":"closed","template":"","meta":{"_acf_changed":false,"inline_featured_image":false,"footnotes":""},"class_list":["post-504","page","type-page","status-publish","hentry"],"acf":[],"_links":{"self":[{"href":"https:\/\/cardiosurvivor.ch\/fr\/wp-json\/wp\/v2\/pages\/504","targetHints":{"allow":["GET"]}}],"collection":[{"href":"https:\/\/cardiosurvivor.ch\/fr\/wp-json\/wp\/v2\/pages"}],"about":[{"href":"https:\/\/cardiosurvivor.ch\/fr\/wp-json\/wp\/v2\/types\/page"}],"author":[{"embeddable":true,"href":"https:\/\/cardiosurvivor.ch\/fr\/wp-json\/wp\/v2\/users\/1"}],"replies":[{"embeddable":true,"href":"https:\/\/cardiosurvivor.ch\/fr\/wp-json\/wp\/v2\/comments?post=504"}],"version-history":[{"count":6,"href":"https:\/\/cardiosurvivor.ch\/fr\/wp-json\/wp\/v2\/pages\/504\/revisions"}],"predecessor-version":[{"id":886,"href":"https:\/\/cardiosurvivor.ch\/fr\/wp-json\/wp\/v2\/pages\/504\/revisions\/886"}],"wp:attachment":[{"href":"https:\/\/cardiosurvivor.ch\/fr\/wp-json\/wp\/v2\/media?parent=504"}],"curies":[{"name":"wp","href":"https:\/\/api.w.org\/{rel}","templated":true}]}}