{"id":502,"date":"2023-04-24T09:45:32","date_gmt":"2023-04-24T07:45:32","guid":{"rendered":"https:\/\/cardiosurvivor.ch\/ablauf-der-sprechstunde\/"},"modified":"2023-06-12T09:18:23","modified_gmt":"2023-06-12T07:18:23","slug":"deroulement-de-la-consultation","status":"publish","type":"page","link":"https:\/\/cardiosurvivor.ch\/fr\/deroulement-de-la-consultation\/","title":{"rendered":"D\u00e9roulement de la consultation"},"content":{"rendered":"<div  class=\"page-section style-light-beige\">\n\t<div class=\"section-grid grid-layout\"><div  style=\"--grid-layout-index: 1; --col-xs: 2; --col-sm: 2; --col-md: 2; --col-lg: 2; --col-xl: 2\" class=\"section-item\"><div class=\"cell style-default\"><h1>D\u00e9roulement de<br \/>\nla consultation<\/h1>\n<\/div><\/div><\/div>\n<\/div><div  class=\"page-section style-light-beige\">\n\t<div class=\"section-grid grid-layout\"><div  style=\"--grid-layout-index: 1; --col-xs: 2; --col-sm: 2; --col-md: 1; --col-lg: 1; --col-xl: 1\" class=\"section-item\"><div class=\"cell illustration-cell style-light-red align-horizontal-center align-vertical-center\">\n\t\t<svg focusable=\"false\" xmlns=\"http:\/\/www.w3.org\/2000\/svg\" version=\"1.1\" x=\"0\" y=\"0\" viewBox=\"0 0 613.17 311.02\" xml:space=\"preserve\"><desc>ablauf<\/desc>\n  <style>.ablauf-st1{fill:#243365}.ablauf-st2{fill:#edd7b6;stroke:#0c2b6e}.ablauf-st2,.ablauf-st4,.ablauf-st5,.ablauf-st6{stroke-width:2.5;stroke-miterlimit:10}.ablauf-st4{fill:#f8e49c}.ablauf-st4,.ablauf-st5,.ablauf-st6{stroke:#243365}.ablauf-st5{fill:#4edb29}.ablauf-st6{fill:#fff}<\/style>\n  <path d=\"M497.93 29.1c-49.04-20.33-70.46 16.87-74.55 25.23-.53 1.08-1.33 2-2.33 2.66l-8.29 5.47c-4.62 2.95-9.41 6.87-12.87 9.89-1.91 1.67-.82 4.81 1.71 4.92l14.03.63 1.76 11.38c7.33 4.15 19.86 3.13 27.14 1.29 1.25-.31 2.22 1.08 1.52 2.16-5.92 9.18-15.7 10.87-20.87 11.08a3.012 3.012 0 0 0-2.82 3.65c4.09 18.82 20.16 25.78 33.64 28.26 0 0 9.65 8.05 7.84 16.68-1.81 8.63 43.07 2.92 43.07 2.92s-6.55-4.62-6.76-25.19c5.74-2.7 10.29-6.11 14.05-10.47 8.95-10.35 13.73-23.68 13.75-37.36.03-39.05-30.02-53.2-30.02-53.2z\" fill=\"#f0d1cc\" stroke=\"#243365\" stroke-width=\"2.5\" stroke-linejoin=\"round\" stroke-miterlimit=\"10\"><\/path>\n  <circle class=\"ablauf-st1\" cx=\"441.33\" cy=\"61.36\" r=\"1.55\"><\/circle>\n  <path class=\"ablauf-st1\" d=\"M442.88 31.57s18.83 58.44 31.68 40.87c0 0 5.17-6.2 10.78-4.14 0 0 10.29 2.69 3.87 13.66-1.11 1.9-2.25 5.26-2.54 7.44-2.81 21.19 4 41.86 17.72 46.14 11.83 3.69 42.26-23.79 53.15-35.39a8.097 8.097 0 0 0 .87-10c-9.66-14.72-37.57-55.44-55.65-62.91.01.01-30.41-17.42-59.88 4.33z\"><\/path>\n  <circle class=\"ablauf-st1\" cx=\"511.22\" cy=\"27.13\" r=\"16.72\"><\/circle>\n  <path class=\"ablauf-st2\" d=\"M195.85 78.47a9.806 9.806 0 0 1-2.43-9.56c7.32-25.78.64-51.17-18.16-61.71-23.27-13.04-56.29 1.63-73.75 32.77-9.32 16.63-12.31 34.58-9.54 49.7.68 3.68-.18 7.49-2.24 10.62l-11.71 17.8 34.03 1.89c22.01 12.33 52.72-.12 70.75-27.84 5.5 5.21 13.07 11.85 18.53 14.53 9.56 4.68 11.57-.71 11.57-.71 1.83-6.57-8.62-18.89-17.05-27.49z\"><\/path>\n  <circle class=\"ablauf-st1\" cx=\"183.48\" cy=\"64.06\" r=\"1.55\"><\/circle>\n  <path d=\"M170.24 107.21s-15.62-3.74-15.37-16.28\" fill=\"none\" stroke=\"#243365\" stroke-width=\"2.5\" stroke-miterlimit=\"10\"><\/path>\n  <path class=\"ablauf-st4\" d=\"M175.5 36.95c7.74 5 23.33 14.85 31.69 18.53 3.12 1.37 6.78.48 8.86-2.22 4.46-5.78 6.69-18.57-28.68-39.24-2.13-1.25-4.2-2.59-6.15-4.11-6.77-5.28-29.15-18.8-57.96 4.79-34.7 28.42-32.25 61.87-32.25 61.87s25.55 13.3 39.11-12.83c.94-1.81.95-3.94.09-5.78-1.87-4.06-3.57-12.5 8.42-20.81 0 0 8.76-4.75 13.14 7.36 0 0 5.69 9.95 16.37-6.04a5.367 5.367 0 0 1 7.36-1.52z\"><\/path>\n  <path class=\"ablauf-st5\" d=\"M377.31 67.79c8.08-6.67 12.86-14.95 12.86-23.93 0-22.02-28.76-39.87-64.24-39.87-35.48 0-64.24 17.85-64.24 39.87s28.76 39.87 64.24 39.87c15.8 0 30.25-3.54 41.44-9.41l19.26 9.41-9.32-15.94z\"><\/path>\n  <path class=\"ablauf-st6\" d=\"M183.08 290.41c2.91-27.52-1.66-73.25-35.88-141.21 0 0-29.3-54.2-69.18-31.12 0 0-31.01 15.46-38.77 88.56 0 0-4.45 46.86-3.51 83.77h147.34z\"><\/path>\n  <path class=\"ablauf-st5\" d=\"M0 290.41h613.17\"><\/path>\n  <path fill=\"#fff\" d=\"M381.71 311.02H238.16l28.06-16.84h143.55z\"><\/path>\n  <path class=\"ablauf-st5\" d=\"m329.82 252.56 33.47 32.98 3.99 11.96-13.73-5.31-26.74-28.45z\"><\/path>\n  <path class=\"ablauf-st2\" d=\"M289.31 258.42c.81-.54 1.62-1.07 2.4-1.68 6.35-3.44 12.69-5.89 19.04-9.33 5.61-3.04 6.62-.4 12.97-.86 4.25-.31 9.53 3.98 13.7 4.88 4.39.95 8.88 4.46 13.27 5.41.98.21 1.99.44 2.78 1.05 2.01 1.53 2.48 3.83.7 5.63-1.78 1.8-4.96 2.13-7.79 1.52-2.39-.52-9.93-2.15-11.88-3.22-3.56-1.96-8.03-7.13-9.7-3.39-.14.31-.26.64-.24.98.07 1.03 1.32 1.45 2.33 1.61 8.96 1.46 13.98 3.12 22.94 4.58 2.84.46 5.78.97 8.17 2.58 2.21 1.49 3.82 4.48 2.58 6.86-1.35 2.6-4.93 2.74-7.82 2.48-9.89-.89-15.8-2.55-25.52-4.58 10.17 1.98 20.3 4.26 30.59 5.49 1.19 2.94-1.59 6.14-4.43 7.53-2.84 1.39-5.33.82-8.47.53a160.87 160.87 0 0 1-20.11-3.14c7.85 1.76 19.05 2.91 27.06 3.36.19 2.26-.6 4.54-1.88 6.41-.35.51-.74.99-1.22 1.38-1.35 1.07-3.21 1.17-4.92 1.15-7-.08-17.16-1.28-24.05-2.48 4.82.81 9.66 1.56 14.51 2.17-.01 0 11.71.4 11.66.41.13.67-.27 1.33-.68 1.88-.95 1.28-2.07 2.48-3.48 3.22-1.6.85-3.45 1.05-5.26 1.14-3.29.17-18.32-.35-21.58-.78-3.57-.47-7.14-1.08-10.72-.68-4.37.49-4.63.01-6.37.49-1.82-3.72-2.5-6.5-3.6-10.5-1.2-4.37-1.49-8.95-2.49-13.37-1.35-5.97-3.98-11.61-4.88-17.67 1.01-.52 2.02-1.06 2.39-1.06z\"><\/path>\n  <path class=\"ablauf-st5\" d=\"m324.56 259.41-21.93-20.57 7.1-6.37 29.98 29.98z\"><\/path>\n  <path class=\"ablauf-st6\" d=\"M144.44 144.68s51.69 99.57 71.49 107.05 73.38 6.69 73.38 6.69l9.08 41.33c.26 1.2-.62 2.34-1.84 2.38-13.85.48-84.99 2.42-106.86-7.01-24.27-10.47-77.75-109.22-77.75-109.22\"><\/path>\n  <path class=\"ablauf-st4\" d=\"M577.89 290.04h-146c-5-70 .97-100.99 13-121 12.25-20.38 40.38-18.95 40.38-18.95 32.4-.04 48.65 21.6 64.13 53.67 4.72 9.78 8.59 19.95 11.71 30.35l16.78 55.93z\"><\/path>\n<\/svg>\n\n<\/div><\/div><div  style=\"--grid-layout-index: 2; --col-xs: 2; --col-sm: 2; --col-md: 1; --col-lg: 1; --col-xl: 1\" class=\"section-item\"><div class=\"cell style-default\"><p>Phase 1<\/p>\n<h2>Entretien avec le\/la m\u00e9decin<\/h2>\n<p>Tout d&#8217;abord, l&#8217;\u00e9quipe soignante, compos\u00e9e d&#8217;un.e infirmier.\u00e8re et d&#8217;un.e m\u00e9decin, vous interrogera sur votre \u00e9tat de sant\u00e9 actuel, la prise de m\u00e9dicaments, les facteurs de risque, les maladies cardiaques et les facteurs de risque dans votre famille. Si le\/la m\u00e9decin le juge n\u00e9cessaire, il\/elle vous proposera une prise de sang et un \u00e9lectrocardiogramme.<\/p>\n<\/div><\/div><\/div>\n<\/div><div  class=\"page-section style-light-beige order-md-reversed order-lg-reversed order-xl-reversed\">\n\t<div class=\"section-grid grid-layout\"><div  style=\"--grid-layout-index: 1; --col-xs: 2; --col-sm: 2; --col-md: 1; --col-lg: 1; --col-xl: 1\" class=\"section-item\"><div class=\"cell image-cell\">\n\t\t<img loading=\"lazy\" decoding=\"async\" width=\"2480\" height=\"1365\" src=\"https:\/\/cardiosurvivor.ch\/wp-content\/uploads\/sample-image-3-2480x1365.jpg\" class=\"image-cell-image\" alt=\"\" srcset=\"https:\/\/cardiosurvivor.ch\/wp-content\/uploads\/sample-image-3-2480x1365.jpg 2480w, https:\/\/cardiosurvivor.ch\/wp-content\/uploads\/sample-image-3-300x165.jpg 300w, https:\/\/cardiosurvivor.ch\/wp-content\/uploads\/sample-image-3-1024x564.jpg 1024w, https:\/\/cardiosurvivor.ch\/wp-content\/uploads\/sample-image-3-768x423.jpg 768w, https:\/\/cardiosurvivor.ch\/wp-content\/uploads\/sample-image-3-1536x845.jpg 1536w, https:\/\/cardiosurvivor.ch\/wp-content\/uploads\/sample-image-3-2048x1127.jpg 2048w, https:\/\/cardiosurvivor.ch\/wp-content\/uploads\/sample-image-3-1240x682.jpg 1240w, https:\/\/cardiosurvivor.ch\/wp-content\/uploads\/sample-image-3-1736x955.jpg 1736w, https:\/\/cardiosurvivor.ch\/wp-content\/uploads\/sample-image-3.jpg 2560w\" sizes=\"auto, (max-width: 2480px) 100vw, 2480px\" \/>\n<\/div><\/div><div  style=\"--grid-layout-index: 2; --col-xs: 2; --col-sm: 2; --col-md: 1; --col-lg: 1; --col-xl: 1\" class=\"section-item\"><div class=\"cell style-default\"><p>Phase 2<\/p>\n<h2>Examen physique<\/h2>\n<p>L&#8217;\u00e9quipe soignante vous examinera ensuite, prendra votre tension art\u00e9rielle ainsi que votre taille et votre poids.<\/p>\n<\/div><\/div><\/div>\n<\/div><div  class=\"page-section style-light-beige\">\n\t<div class=\"section-grid grid-layout\"><div  style=\"--grid-layout-index: 1; --col-xs: 2; --col-sm: 2; --col-md: 1; --col-lg: 1; --col-xl: 1\" class=\"section-item\"><div class=\"cell illustration-cell style-dark-blue align-horizontal-start align-vertical-end\">\n\t\t<svg focusable=\"false\" xmlns=\"http:\/\/www.w3.org\/2000\/svg\" xmlns:xlink=\"http:\/\/www.w3.org\/1999\/xlink\" width=\"912px\" height=\"625px\" viewBox=\"0 0 912 625\" version=\"1.1\"><desc>untersuchung-2<\/desc>\n  <title>untersuchung-2.svg<\/title>\n  <g id=\"untersuchung-2.svg\" stroke=\"none\" stroke-width=\"1\" fill=\"none\" fill-rule=\"evenodd\">\n    <g id=\"untersuchung-2\" transform=\"translate(-242.000000, 65.000000)\" fill-rule=\"nonzero\">\n      <path d=\"M925.062425,379.040083 C926.192425,379.040083 927.262425,378.490083 927.902425,377.550083 L927.912425,377.540083 C955.582425,332.010083 975.662425,281.570083 981.862425,228.750083 C988.062425,175.940083 979.662425,120.520083 952.422425,74.8600835 C931.072425,39.0600835 896.692425,9.24008345 855.712425,1.65008345 C814.862425,-5.91991655 768.282425,12.8600835 749.712425,51.7400835 C749.602425,51.9800835 749.352425,52.1300835 749.092425,52.1100835 C723.752425,50.6900835 697.942425,54.0100835 674.552425,63.8300835 C651.032425,73.7100835 630.062425,90.3900835 616.952425,112.270083 C598.322425,143.360083 596.952425,182.980083 608.652425,217.280083 C620.342425,251.590083 644.022425,280.880083 671.952425,303.980083 C731.282425,353.050083 809.082425,375.420083 885.912425,380.340083 C899.482425,381.210083 914.522425,380.020083 923.522425,379.020083 L925.062425,379.020083 L925.062425,379.040083 Z\" id=\"Path\" fill=\"#4EDB29\"><\/path>\n      <path d=\"M555.712425,207.670083 C556.382425,207.020083 557.052425,206.370083 557.692425,205.700083 C558.622425,204.730083 559.642425,203.840083 560.682425,202.990083 L584.512425,183.630083 C592.112425,177.460083 600.012425,171.130083 609.452425,168.640083 C615.782425,166.980083 622.412425,167.150083 628.952425,167.340083 C635.832425,167.540083 642.722425,167.740083 649.602425,167.930083 C651.132425,167.970083 652.722425,168.030083 654.092425,168.720083 C657.542425,170.460083 658.002425,175.670083 655.822425,178.890083 C653.642425,182.110083 649.752425,183.660083 645.982425,184.510083 C642.322425,185.340083 638.552425,185.680083 634.812425,185.520083 C630.472425,185.330083 626.082425,184.480083 621.822425,185.360083 C615.712425,186.610083 610.542425,191.660083 609.092425,197.780083 C608.972425,198.280083 608.872425,198.820083 609.002425,199.320083 C609.392425,200.850083 611.402425,201.130083 612.972425,201.100083 C626.882425,200.780083 640.792425,200.450083 654.702425,200.130083 C659.112425,200.030083 663.692425,199.950083 667.742425,201.720083 C671.482425,203.350083 674.762425,207.400083 673.562425,211.330083 C672.252425,215.630083 666.912425,216.850083 662.472425,217.270083 C647.314824,218.719682 632.086018,219.290637 616.862425,218.980083 C632.612425,219.090083 648.372425,218.630083 664.092425,217.610083 C664.342425,217.590083 664.592425,217.720083 664.712425,217.940083 C666.992425,222.010083 664.842425,227.580083 661.072425,230.390083 C657.192425,233.280083 652.152425,233.970083 647.342425,234.430083 C636.952425,235.410083 626.492425,235.720083 616.152425,235.380083 C628.272425,235.810083 640.432425,235.330083 652.432425,233.800083 C652.762425,233.760083 653.092425,233.970083 653.162425,234.300083 C653.882425,237.490083 653.322425,240.910083 651.992425,243.910083 C651.612425,244.770083 651.162425,245.620083 650.542425,246.330083 C648.812425,248.330083 646.042425,248.990083 643.442425,249.450083 C632.872425,251.300083 622.082425,251.440083 611.362425,251.580083 C618.862425,251.450083 626.352425,251.210083 633.842425,250.760083 C633.822425,250.760083 633.812425,250.760083 633.742425,250.800083 C634.122425,251.780083 633.702425,252.880083 633.242425,253.820083 C632.172425,256.020083 630.812425,258.140083 628.912425,259.650083 C626.742425,261.380083 624.002425,262.200083 621.312425,262.850083 C616.412425,264.040083 611.392425,264.780083 606.362425,265.050083 C600.852425,265.350083 595.182425,265.130083 590.012425,267.050083 C587.582425,267.960083 585.352425,269.310083 583.032425,270.480083 C582.742425,270.630083 582.392425,270.540083 582.202425,270.280083 C578.522425,265.330083 574.862425,260.340083 572.162425,254.790083 C569.122425,248.540083 567.392425,241.720083 564.632425,235.340083 C560.972425,226.870083 555.552425,219.220083 552.452425,210.540083 C552.355008,210.270893 552.439385,209.969546 552.662425,209.790083 C553.792425,208.880083 554.882425,208.040083 555.442425,207.820083 C555.552425,207.780083 555.642425,207.740083 555.712425,207.670083 L555.712425,207.670083 Z\" id=\"Path\" stroke=\"#0C2B6E\" stroke-width=\"2.5\" fill=\"#EDD7B6\"><\/path>\n      <path d=\"M477.002425,693.990083 C477.372425,693.980083 477.662425,693.680083 477.662425,693.310083 C477.422425,680.930083 475.792425,668.550083 474.212425,656.570083 C472.332425,642.260083 470.382425,627.470083 470.902425,613.010083 C472.032425,581.920083 484.472425,551.890083 496.502425,522.850083 C498.122425,518.940083 499.742425,515.030083 501.332425,511.130083 C515.352425,476.700083 527.352425,439.820083 520.342425,403.350083 C516.152425,381.560083 505.792425,362.380083 493.692425,341.360083 L492.382425,339.090083 C482.032425,321.120083 471.322425,302.540083 466.322425,282.570083 C460.602425,259.700083 463.742425,237.930083 474.942425,222.840083 C484.412425,210.100083 500.472425,201.010083 520.172425,197.270083 C537.642425,193.950083 555.882425,194.870083 573.592425,195.910083 C573.692425,196.000083 573.792425,196.100083 573.902425,196.190083 C575.022425,197.060083 576.502425,197.280083 577.902425,197.460083 C596.049711,199.79203 614.36653,200.528183 632.642425,199.660083 C649.002425,198.880083 666.972425,197.260083 680.262425,206.720083 C680.552425,206.920083 680.952425,206.880083 681.162425,206.600083 C687.012425,199.280083 686.892425,189.820083 686.012425,181.200083 C685.622425,177.400083 685.002425,173.340083 682.482425,170.500083 C682.322425,170.310083 682.062425,170.240083 681.812425,170.290083 C675.922425,171.740083 669.242425,175.780083 661.952425,177.360083 C654.612425,178.950083 647.002425,177.990083 639.502425,177.510083 C617.322425,176.080083 596.102425,178.390083 575.002425,185.330083 C574.332425,185.550083 573.382425,186.160083 572.992425,186.750083 C572.972425,186.790083 572.952425,186.820083 572.942425,186.850083 C555.052425,185.810083 536.632425,184.960083 518.472425,188.420083 C496.552425,192.590083 478.512425,202.910083 467.702425,217.470083 C459.002425,229.180083 454.512425,244.220083 454.512425,260.650083 C454.512425,268.440083 455.522425,276.550083 457.582425,284.750083 C462.892425,305.940083 473.912425,325.080083 484.572425,343.580083 L485.882425,345.850083 C497.572425,366.160083 507.562425,384.630083 511.492425,405.050083 C518.062425,439.210083 506.482425,474.590083 492.982425,507.730083 C491.402425,511.620083 489.792425,515.500083 488.172425,519.400083 C475.842425,549.180083 463.082425,579.970083 461.892425,612.680083 C461.332425,627.890083 463.332425,643.070083 465.272425,657.740083 C466.812425,669.460083 468.412425,681.580083 468.642425,693.450083 C468.652425,693.810083 468.942425,694.100083 469.312425,694.100083 L477.002425,693.990083 L477.002425,693.990083 Z\" id=\"Path\" stroke=\"#0C2B6E\" stroke-width=\"2.5\" fill=\"#FFFFFF\" stroke-linejoin=\"round\"><\/path>\n      <path d=\"M147.782425,509.130083 C168.662425,508.410083 185.192425,491.230083 184.912425,470.350083 C184.372425,430.610083 185.162425,391.450083 187.272425,352.370083 C187.572425,346.780083 187.972425,340.980083 189.422425,335.660083 C191.072425,329.640083 196.792425,325.670083 203.002425,326.330083 C208.612425,326.920083 214.242425,329.070083 219.532425,331.390083 C255.242425,347.030083 288.312425,371.240083 326.132425,378.850083 C347.442425,383.140083 369.422425,381.930083 390.822425,378.190083 C443.782425,368.950083 489.622425,350.410083 531.182425,313.260083 C531.192425,313.250083 531.212425,313.240083 531.222425,313.220083 L585.602425,272.850083 C585.862425,272.660083 585.942425,272.310083 585.802425,272.020083 L553.412425,207.240083 C553.322079,207.064099 553.158682,206.936948 552.965895,206.892607 C552.773108,206.848266 552.570579,206.891254 552.412425,207.010083 L508.482425,241.150083 C508.472425,241.160083 508.462425,241.170083 508.452425,241.170083 C477.152425,262.790083 442.682425,285.380083 405.702425,293.460083 C368.722425,301.540083 328.812425,296.890083 296.092425,276.350083 C261.842425,254.860083 238.042425,218.360083 209.122425,188.920083 C180.202425,159.480083 139.812425,135.880083 100.362425,150.070083 C77.2124253,157.470083 58.3324253,176.700083 45.6224253,199.170083 C32.9224253,221.660083 25.7424253,247.310083 19.7524253,272.920083 C13.6800942,298.879879 8.69905173,325.082898 4.82242534,351.460083 C2.81242534,365.140083 1.09242534,378.890083 0.39242534,392.720083 C-0.75757466,415.360083 0.83242534,438.060083 2.42242534,460.670083 C2.75242534,465.340083 3.08242534,470.000083 3.61242534,474.680083 C5.72242534,493.230083 21.3124253,507.320083 39.9824253,507.590083 L147.782425,509.130083 Z\" id=\"Path\" stroke=\"#0C2B6E\" stroke-width=\"2.5\" fill=\"#FFFFFF\"><\/path>\n    <\/g>\n  <\/g>\n<\/svg>\n\n<\/div><\/div><div  style=\"--grid-layout-index: 2; --col-xs: 2; --col-sm: 2; --col-md: 1; --col-lg: 1; --col-xl: 1\" class=\"section-item\"><div class=\"cell style-default\"><p>Phase 3<\/p>\n<h2>\u00c9chographie cardiaque<\/h2>\n<p>L&#8217;\u00e9chographie cardiaque est un examen de routine permettant de diagnostiquer les maladies cardiaques. En temps r\u00e9el, l&#8217;\u00e9chographie permet d&#8217;\u00e9valuer le muscle cardiaque, les valves cardiaques et les vaisseaux proches du c\u0153ur. La sonde de l&#8217;\u00e9chographe, accompagn\u00e9e d&#8217;un gel de contact, est plac\u00e9e sur la paroi thoracique et l\u00e9g\u00e8rement d\u00e9plac\u00e9e en un mouvement de va-et-vient afin de produire des images optimales du c\u0153ur dans diff\u00e9rentes directions. Pour que le flux sanguin dans le c\u0153ur puisse \u00eatre repr\u00e9sent\u00e9 avec les diff\u00e9rentes directions d&#8217;\u00e9coulement, on utilise la m\u00e9thode de l&#8217;\u00e9chographie duplex.<\/p>\n<p>L&#8217;\u00e9chographie cardiaque est totalement exempte de risques et de complications, ne provoque aucune douleur et dure 30 \u00e0 45 minutes.<\/p>\n<\/div><\/div><\/div>\n<\/div><div  class=\"page-section style-light-beige order-md-reversed order-lg-reversed order-xl-reversed\">\n\t<div class=\"section-grid grid-layout\"><div  style=\"--grid-layout-index: 1; --col-xs: 2; --col-sm: 2; --col-md: 1; --col-lg: 1; --col-xl: 1\" class=\"section-item\"><div class=\"cell illustration-cell style-light-yellow align-horizontal-center align-vertical-center\">\n\t\t<svg focusable=\"false\" xmlns=\"http:\/\/www.w3.org\/2000\/svg\" width=\"700\" height=\"480\" viewBox=\"0 0 700 480\"><desc>hometrainer<\/desc>\n  <g transform=\"translate(183 4)\" fill=\"none\" fill-rule=\"evenodd\">\n    <path stroke=\"#0C2B6E\" stroke-width=\"2.5\" fill=\"#FFF\" fill-rule=\"nonzero\" d=\"m275.056 126.03 12.126 3.35-59.766 216.328-12.126-3.35z\"><\/path>\n    <path d=\"M237.32 137.38c-2.3 0-3.63-2.57-2.33-4.46 3.63-5.29 13.83-13.81 42.31-17.13 0 0 11.58-1.63 19.81-5.07 2.69-1.13 5.78-1.9 7.9-2.55 9.11-2.77 27.47-2.02 22.68 15.37 0 0-2.22 7.2-10.52 13.84h-79.85Z\" stroke=\"#0C2B6E\" stroke-width=\"2.5\" fill=\"#4EDB29\" fill-rule=\"nonzero\"><\/path>\n    <path stroke=\"#0C2B6E\" stroke-width=\"12\" d=\"M128.29 356.16 33.66 214.31 54.34 48.23 13.72 0\"><\/path>\n    <path d=\"M87.91 471.36s-13.45-66.67 32.12-113.25c9.77-9.99 21.92-17.29 35.22-21.54 13.8-4.41 33.86-8.57 55.47-5.63 13.68 1.86 26.27 8.46 35.12 19.06 15.28 18.31 30.16 57.73.38 121.37H87.91v-.01Z\" stroke=\"#0C2B6E\" stroke-width=\"2.5\" fill=\"#F8E39B\" fill-rule=\"nonzero\"><\/path>\n    <path stroke=\"#0C2B6E\" stroke-width=\"8\" fill=\"#FFF\" fill-rule=\"nonzero\" d=\"M0 471.36h334.53\"><\/path>\n    <circle stroke=\"#0C2B6E\" stroke-width=\"2.5\" fill=\"#FFF\" fill-rule=\"nonzero\" cx=\"174.73\" cy=\"384.7\" r=\"28.54\"><\/circle>\n    <path stroke=\"#0C2B6E\" stroke-width=\"2.5\" fill=\"#F8E49C\" fill-rule=\"nonzero\" d=\"m184.806 308.825 7.64 1.414-14.075 76.048-7.64-1.414z\"><\/path>\n    <path fill=\"#0C2B6E\" fill-rule=\"nonzero\" d=\"M163.28 304.87h47.17v10.72h-47.17z\"><\/path>\n  <\/g>\n<\/svg>\n\n<\/div><\/div><div  style=\"--grid-layout-index: 2; --col-xs: 2; --col-sm: 2; --col-md: 1; --col-lg: 1; --col-xl: 1\" class=\"section-item\"><div class=\"cell style-default\"><p>Phase 4<\/p>\n<h2>Test d&#8217;effort cardio-vasculaire (spiroergom\u00e9trie)<\/h2>\n<p>La spiroergom\u00e9trie est un examen au cours duquel les patient.e.s sont assi.e.s sur un v\u00e9lo et doivent p\u00e9daler contre une r\u00e9sistance qui augmente constamment. La fr\u00e9quence cardiaque et la pression art\u00e9rielle sont enregistr\u00e9es simultan\u00e9ment, tandis que la fonction pulmonaire et la concentration des gaz respiratoires dans l&#8217;air expir\u00e9 sont d\u00e9termin\u00e9es \u00e0 l&#8217;aide d&#8217;un masque bien ajust\u00e9 sur la bouche et le nez.<\/p>\n<p>Le\/la patient.e est observ\u00e9.e par un\/une m\u00e9decin pendant toute la dur\u00e9e de l&#8217;examen. Gr\u00e2ce \u00e0 la surveillance permanente des fonctions circulatoires, la spiroergom\u00e9trie est une proc\u00e9dure tr\u00e8s s\u00fbre. L&#8217;examen est interrompu d\u00e8s les premiers signes de complications ou d&#8217;\u00e9puisement.<\/p>\n<p>Il est recommand\u00e9 de porter des v\u00eatements amples et des chaussures de sport lors de cet examen. L\u2019examen durera environ 45 minutes.<\/p>\n<\/div><\/div><\/div>\n<\/div><div  class=\"page-section style-light-beige\">\n\t<div class=\"section-grid grid-layout\"><div  style=\"--grid-layout-index: 1; --col-xs: 2; --col-sm: 2; --col-md: 1; --col-lg: 1; --col-xl: 1\" class=\"section-item\"><div class=\"cell image-cell\">\n\t\t<img loading=\"lazy\" decoding=\"async\" width=\"2480\" height=\"944\" src=\"https:\/\/cardiosurvivor.ch\/wp-content\/uploads\/sample-image-4-2480x944.jpg\" class=\"image-cell-image\" alt=\"\" srcset=\"https:\/\/cardiosurvivor.ch\/wp-content\/uploads\/sample-image-4-2480x944.jpg 2480w, https:\/\/cardiosurvivor.ch\/wp-content\/uploads\/sample-image-4-300x114.jpg 300w, https:\/\/cardiosurvivor.ch\/wp-content\/uploads\/sample-image-4-1024x390.jpg 1024w, https:\/\/cardiosurvivor.ch\/wp-content\/uploads\/sample-image-4-768x292.jpg 768w, https:\/\/cardiosurvivor.ch\/wp-content\/uploads\/sample-image-4-1536x584.jpg 1536w, https:\/\/cardiosurvivor.ch\/wp-content\/uploads\/sample-image-4-2048x779.jpg 2048w, https:\/\/cardiosurvivor.ch\/wp-content\/uploads\/sample-image-4-1240x472.jpg 1240w, https:\/\/cardiosurvivor.ch\/wp-content\/uploads\/sample-image-4-1736x660.jpg 1736w, https:\/\/cardiosurvivor.ch\/wp-content\/uploads\/sample-image-4.jpg 2560w\" sizes=\"auto, (max-width: 2480px) 100vw, 2480px\" \/>\n<\/div><\/div><div  style=\"--grid-layout-index: 2; --col-xs: 2; --col-sm: 2; --col-md: 1; --col-lg: 1; --col-xl: 1\" class=\"section-item\"><div class=\"cell style-default\"><p>Phase 5<\/p>\n<h2>La partie facultative de l\u2019\u00e9tude<\/h2>\n<p>\u00c0 la fin des examens, une personne de l&#8217;\u00e9quipe d&#8217;\u00e9tude recueille avec vous des informations g\u00e9n\u00e9rales sur votre \u00e9tat de sant\u00e9. La participation est bien entendu volontaire et gratuite. La pression art\u00e9rielle, le tour de taille et de hanche seront mesur\u00e9s et un bref test de fitness d&#8217;une minute sera effectu\u00e9.<\/p>\n<p>Enfin, nous vous demanderons si vous \u00eates int\u00e9ress\u00e9.e \u00e0 remplir un questionnaire en ligne sur la qualit\u00e9 de vie, les habitudes sportives, la fatigue et l&#8217;alimentation. Le questionnaire en quatre parties vous sera envoy\u00e9 par email et le temps n\u00e9cessaire pour le remplir est d&#8217;environ 20 minutes.<\/p>\n<\/div><\/div><\/div>\n<\/div><div  class=\"page-section style-light-beige\">\n\t<div class=\"section-grid grid-layout\"><div  style=\"--grid-layout-index: 1; --col-xs: 2; --col-sm: 2; --col-md: 2; --col-lg: 2; --col-xl: 2\" class=\"section-item\"><div class=\"cell style-default\"><div class=\"buttons\">\n\t<div class=\"button-group\">\n\n\t\t\t<a\n\t\t\t\thref=\"https:\/\/cardiosurvivor.ch\/fr\/faq\/\" class=\"button style-default\"\n\t\t\t>\n\t\t\t\tFAQ\n\t\t\t<\/a>\n\t<\/div>\n<\/div><\/div><\/div><\/div>\n<\/div>","protected":false},"excerpt":{"rendered":"<p>D\u00e9roulement de la consultation ablauf Phase 1 Entretien avec le\/la m\u00e9decin Tout d&#8217;abord, l&#8217;\u00e9quipe soignante, compos\u00e9e d&#8217;un.e infirmier.\u00e8re et d&#8217;un.e m\u00e9decin, vous interrogera sur votre \u00e9tat de sant\u00e9 actuel, la prise de m\u00e9dicaments, les facteurs de risque, les maladies cardiaques et les facteurs de risque dans votre famille. Si le\/la m\u00e9decin le juge n\u00e9cessaire, il\/elle [&hellip;]<\/p>\n","protected":false},"author":1,"featured_media":0,"parent":0,"menu_order":0,"comment_status":"closed","ping_status":"closed","template":"","meta":{"_acf_changed":false,"inline_featured_image":false,"footnotes":""},"class_list":["post-502","page","type-page","status-publish","hentry"],"acf":[],"_links":{"self":[{"href":"https:\/\/cardiosurvivor.ch\/fr\/wp-json\/wp\/v2\/pages\/502","targetHints":{"allow":["GET"]}}],"collection":[{"href":"https:\/\/cardiosurvivor.ch\/fr\/wp-json\/wp\/v2\/pages"}],"about":[{"href":"https:\/\/cardiosurvivor.ch\/fr\/wp-json\/wp\/v2\/types\/page"}],"author":[{"embeddable":true,"href":"https:\/\/cardiosurvivor.ch\/fr\/wp-json\/wp\/v2\/users\/1"}],"replies":[{"embeddable":true,"href":"https:\/\/cardiosurvivor.ch\/fr\/wp-json\/wp\/v2\/comments?post=502"}],"version-history":[{"count":9,"href":"https:\/\/cardiosurvivor.ch\/fr\/wp-json\/wp\/v2\/pages\/502\/revisions"}],"predecessor-version":[{"id":888,"href":"https:\/\/cardiosurvivor.ch\/fr\/wp-json\/wp\/v2\/pages\/502\/revisions\/888"}],"wp:attachment":[{"href":"https:\/\/cardiosurvivor.ch\/fr\/wp-json\/wp\/v2\/media?parent=502"}],"curies":[{"name":"wp","href":"https:\/\/api.w.org\/{rel}","templated":true}]}}