{"id":1304,"date":"2025-04-28T09:37:17","date_gmt":"2025-04-28T07:37:17","guid":{"rendered":"https:\/\/cardiosurvivor.ch\/etude\/"},"modified":"2025-05-28T08:58:53","modified_gmt":"2025-05-28T06:58:53","slug":"etude-2","status":"publish","type":"page","link":"https:\/\/cardiosurvivor.ch\/fr\/etude-2\/","title":{"rendered":"\u00c9tude"},"content":{"rendered":"<div  class=\"page-section style-default order-md-reversed order-lg-reversed order-xl-reversed\">\n\t<div class=\"section-grid grid-layout\"><div  style=\"--grid-layout-index: 1; --col-xs: 2; --col-sm: 2; --col-md: 1; --col-lg: 1; --col-xl: 1\" class=\"section-item\"><div class=\"cell illustration-cell style-blue align-horizontal-center align-vertical-center\">\n\t\t<svg focusable=\"false\" xmlns=\"http:\/\/www.w3.org\/2000\/svg\" id=\"Ebene_1\" data-name=\"Ebene 1\" viewBox=\"0 0 658.36 478.9\"><desc>study<\/desc>\n  <defs>\n    <style>\n      .cls-1 {\n        fill: #90b3ff;\n      }\n\n      .cls-1, .cls-2 {\n        stroke-linejoin: round;\n      }\n\n      .cls-1, .cls-2, .cls-3, .cls-4 {\n        stroke-width: 2.5px;\n      }\n\n      .cls-1, .cls-2, .cls-4 {\n        stroke: #243365;\n      }\n\n      .cls-2 {\n        fill: #f0d1cc;\n      }\n\n      .cls-3 {\n        stroke: #fff;\n      }\n\n      .cls-3, .cls-4 {\n        fill: #4edb29;\n        stroke-miterlimit: 10;\n      }\n\n      .cls-5 {\n        fill: #243365;\n      }\n    <\/style>\n  <\/defs>\n  <path class=\"cls-5\" d=\"m157.28,341.58l-37.82-8.55-18.28-3.64-8.75,6.47c-4.82,0-8.73,3.91-8.73,8.73,0,4.17,2.92,7.65,6.83,8.52-3.43,1.92-5.25,5.98-4.16,9.93,1.01,3.65,4.19,6.11,7.76,6.37-2.24,1.58-3.71,4.18-3.71,7.13,0,4.82,3.91,8.73,8.73,8.73,2.87,0,5.41-1.39,7-3.53,1.5,2.64,4.33,4.43,7.59,4.43s6.14-1.81,7.63-4.49c1.25,3.29,4.42,5.62,8.15,5.62,4.82,0,8.73-3.91,8.73-8.73l25.24-31.29-6.21-5.7Z\"><\/path>\n  <path class=\"cls-1\" d=\"m398.73,477.43c-57.95-72.4-95.17-129.46-125.84-137.87-31.9-8.74-99.24-10.75-125.11,15.95-20.46,21.12-18.98,92.82-17.47,121.91h268.42Z\"><\/path>\n  <path class=\"cls-2\" d=\"m188.94,310.35l20.63,23.8s-28.34,15.78-46.08,13.12c-17.73-2.66,12.84-27.98,12.84-27.98l12.61-8.94Z\"><\/path>\n  <line class=\"cls-3\" x1=\"498.04\" y1=\"475.03\" x2=\"604.37\" y2=\"475.03\"><\/line>\n  <line class=\"cls-3\" x1=\"498.04\" y1=\"469.18\" x2=\"604.37\" y2=\"469.18\"><\/line>\n  <line class=\"cls-3\" x1=\"498.04\" y1=\"463.33\" x2=\"604.37\" y2=\"463.33\"><\/line>\n  <line class=\"cls-3\" x1=\"498.04\" y1=\"457.48\" x2=\"604.37\" y2=\"457.48\"><\/line>\n  <line class=\"cls-3\" x1=\"498.04\" y1=\"452.19\" x2=\"604.37\" y2=\"452.19\"><\/line>\n  <line class=\"cls-3\" x1=\"498.04\" y1=\"446.89\" x2=\"604.37\" y2=\"446.89\"><\/line>\n  <line class=\"cls-3\" x1=\"498.04\" y1=\"441.04\" x2=\"604.37\" y2=\"441.04\"><\/line>\n  <line class=\"cls-3\" x1=\"498.04\" y1=\"435.19\" x2=\"604.37\" y2=\"435.19\"><\/line>\n  <line class=\"cls-3\" x1=\"498.04\" y1=\"429.34\" x2=\"604.37\" y2=\"429.34\"><\/line>\n  <line class=\"cls-3\" x1=\"498.04\" y1=\"423.49\" x2=\"604.37\" y2=\"423.49\"><\/line>\n  <line class=\"cls-3\" x1=\"498.04\" y1=\"417.64\" x2=\"604.37\" y2=\"417.64\"><\/line>\n  <line class=\"cls-3\" x1=\"498.04\" y1=\"411.79\" x2=\"604.37\" y2=\"411.79\"><\/line>\n  <line class=\"cls-3\" x1=\"498.04\" y1=\"405.94\" x2=\"604.37\" y2=\"405.94\"><\/line>\n  <line class=\"cls-3\" x1=\"498.04\" y1=\"400.09\" x2=\"604.37\" y2=\"400.09\"><\/line>\n  <line class=\"cls-3\" x1=\"498.04\" y1=\"394.24\" x2=\"604.37\" y2=\"394.24\"><\/line>\n  <line class=\"cls-3\" x1=\"498.04\" y1=\"388.39\" x2=\"604.37\" y2=\"388.39\"><\/line>\n  <line class=\"cls-3\" x1=\"486.08\" y1=\"382.7\" x2=\"592.41\" y2=\"382.7\"><\/line>\n  <line class=\"cls-3\" x1=\"486.08\" y1=\"377.41\" x2=\"592.41\" y2=\"377.41\"><\/line>\n  <line class=\"cls-3\" x1=\"486.08\" y1=\"371.56\" x2=\"592.41\" y2=\"371.56\"><\/line>\n  <line class=\"cls-3\" x1=\"486.08\" y1=\"365.71\" x2=\"592.41\" y2=\"365.71\"><\/line>\n  <line class=\"cls-3\" x1=\"486.08\" y1=\"359.85\" x2=\"592.41\" y2=\"359.85\"><\/line>\n  <line class=\"cls-3\" x1=\"486.08\" y1=\"354\" x2=\"592.41\" y2=\"354\"><\/line>\n  <line class=\"cls-3\" x1=\"486.08\" y1=\"348.15\" x2=\"592.41\" y2=\"348.15\"><\/line>\n  <line class=\"cls-3\" x1=\"486.08\" y1=\"342.3\" x2=\"592.41\" y2=\"342.3\"><\/line>\n  <line class=\"cls-3\" x1=\"486.08\" y1=\"336.45\" x2=\"592.41\" y2=\"336.45\"><\/line>\n  <line class=\"cls-3\" x1=\"486.08\" y1=\"330.6\" x2=\"592.41\" y2=\"330.6\"><\/line>\n  <line class=\"cls-3\" x1=\"486.08\" y1=\"324.75\" x2=\"592.41\" y2=\"324.75\"><\/line>\n  <line class=\"cls-3\" x1=\"486.08\" y1=\"318.9\" x2=\"592.41\" y2=\"318.9\"><\/line>\n  <line class=\"cls-3\" x1=\"486.08\" y1=\"313.61\" x2=\"592.41\" y2=\"313.61\"><\/line>\n  <line class=\"cls-2\" x1=\"160.85\" y1=\"272.39\" x2=\"163.49\" y2=\"247.05\"><\/line>\n  <path class=\"cls-2\" d=\"m180.46,268.47c4.95-2.16,8.42-7.1,8.42-12.85,0-7.74-6.27-14.01-14.01-14.01-4.67,0-8.8,2.3-11.35,5.82-20.5-17.64-48-21.33-66.83-7.21-19.2,14.39-23.15,42.63-11.12,67.61-5.65,1.81-9.74,7.1-9.74,13.35,0,7.74,6.27,14.01,14.01,14.01,4.67,0,8.8-2.29,11.34-5.81,20.74,19.95,50.06,24.74,69.81,9.93,20.03-15.02,23.46-45.1,9.46-70.84Z\"><\/path>\n  <circle class=\"cls-5\" cx=\"116.91\" cy=\"290.92\" r=\"1.55\"><\/circle>\n  <circle class=\"cls-5\" cx=\"140.16\" cy=\"273.94\" r=\"1.55\"><\/circle>\n  <path class=\"cls-2\" d=\"m126.22,311.6c-4.33,3.25-10.13,2.83-12.96-.94s-1.6-9.45,2.73-12.7c2.69-2.02,5.94-2.62,8.7-1.88,1.68.45,3.18,1.4,4.26,2.82,2.82,3.77,1.6,9.45-2.73,12.7Z\"><\/path>\n  <path class=\"cls-2\" d=\"m126.11,297.62s3.82-15.17,19.42-15.72\"><\/path>\n  <path class=\"cls-2\" d=\"m158.44,285.6c-4.33,3.25-10.13,2.83-12.96-.94s-1.6-9.45,2.73-12.7c2.69-2.02,5.94-2.62,8.7-1.88,1.68.45,3.18,1.4,4.26,2.82,2.82,3.77,1.6,9.45-2.73,12.7Z\"><\/path>\n  <line class=\"cls-2\" x1=\"112.75\" y1=\"309.48\" x2=\"85.57\" y2=\"307.83\"><\/line>\n  <polyline class=\"cls-2\" points=\"135.82 295.77 145.53 315.33 157.28 307.83\"><\/polyline>\n  <path class=\"cls-2\" d=\"m138.61,331s12.79,7.32,24.88-5.85\"><\/path>\n  <rect class=\"cls-4\" x=\"301.33\" y=\"357.63\" width=\"153.66\" height=\"112.47\" rx=\"16.45\" ry=\"16.45\"><\/rect>\n  <rect class=\"cls-4\" x=\"301.33\" y=\"470.13\" width=\"154.59\" height=\"7.51\" rx=\"3.24\" ry=\"3.24\"><\/rect>\n  <line class=\"cls-4\" y1=\"477.65\" x2=\"658.36\" y2=\"477.65\"><\/line>\n  <line class=\"cls-3\" x1=\"173.85\" y1=\"473.63\" x2=\"280.18\" y2=\"473.63\"><\/line>\n  <line class=\"cls-3\" x1=\"173.85\" y1=\"467.78\" x2=\"280.18\" y2=\"467.78\"><\/line>\n  <line class=\"cls-3\" x1=\"173.85\" y1=\"461.93\" x2=\"280.18\" y2=\"461.93\"><\/line>\n  <line class=\"cls-3\" x1=\"173.85\" y1=\"456.08\" x2=\"280.18\" y2=\"456.08\"><\/line>\n  <line class=\"cls-3\" x1=\"173.85\" y1=\"450.79\" x2=\"280.18\" y2=\"450.79\"><\/line>\n  <line class=\"cls-3\" x1=\"173.85\" y1=\"445.5\" x2=\"280.18\" y2=\"445.5\"><\/line>\n  <line class=\"cls-3\" x1=\"173.85\" y1=\"439.65\" x2=\"280.18\" y2=\"439.65\"><\/line>\n  <line class=\"cls-3\" x1=\"173.85\" y1=\"433.79\" x2=\"280.18\" y2=\"433.79\"><\/line>\n  <line class=\"cls-3\" x1=\"173.85\" y1=\"427.94\" x2=\"280.18\" y2=\"427.94\"><\/line>\n  <line class=\"cls-3\" x1=\"173.85\" y1=\"422.09\" x2=\"280.18\" y2=\"422.09\"><\/line>\n  <line class=\"cls-3\" x1=\"173.85\" y1=\"416.24\" x2=\"280.18\" y2=\"416.24\"><\/line>\n  <line class=\"cls-3\" x1=\"173.85\" y1=\"410.39\" x2=\"280.18\" y2=\"410.39\"><\/line>\n  <line class=\"cls-3\" x1=\"173.85\" y1=\"404.54\" x2=\"280.18\" y2=\"404.54\"><\/line>\n  <line class=\"cls-3\" x1=\"173.85\" y1=\"398.69\" x2=\"280.18\" y2=\"398.69\"><\/line>\n  <line class=\"cls-3\" x1=\"173.85\" y1=\"392.84\" x2=\"280.18\" y2=\"392.84\"><\/line>\n  <line class=\"cls-3\" x1=\"173.85\" y1=\"386.99\" x2=\"280.18\" y2=\"386.99\"><\/line>\n  <line class=\"cls-3\" x1=\"173.85\" y1=\"381.7\" x2=\"280.18\" y2=\"381.7\"><\/line>\n  <line class=\"cls-3\" x1=\"173.85\" y1=\"376.41\" x2=\"280.18\" y2=\"376.41\"><\/line>\n  <line class=\"cls-3\" x1=\"173.85\" y1=\"370.56\" x2=\"280.18\" y2=\"370.56\"><\/line>\n  <line class=\"cls-3\" x1=\"173.85\" y1=\"364.71\" x2=\"280.18\" y2=\"364.71\"><\/line>\n  <line class=\"cls-3\" x1=\"173.85\" y1=\"358.85\" x2=\"280.18\" y2=\"358.85\"><\/line>\n  <line class=\"cls-3\" x1=\"173.85\" y1=\"353\" x2=\"280.18\" y2=\"353\"><\/line>\n  <line class=\"cls-3\" x1=\"173.85\" y1=\"347.15\" x2=\"280.18\" y2=\"347.15\"><\/line>\n  <line class=\"cls-3\" x1=\"173.85\" y1=\"341.3\" x2=\"280.18\" y2=\"341.3\"><\/line>\n  <line class=\"cls-3\" x1=\"173.85\" y1=\"335.45\" x2=\"280.18\" y2=\"335.45\"><\/line>\n  <line class=\"cls-3\" x1=\"173.85\" y1=\"329.6\" x2=\"280.18\" y2=\"329.6\"><\/line>\n  <line class=\"cls-3\" x1=\"173.85\" y1=\"323.75\" x2=\"280.18\" y2=\"323.75\"><\/line>\n  <line class=\"cls-3\" x1=\"173.85\" y1=\"317.9\" x2=\"280.18\" y2=\"317.9\"><\/line>\n  <line class=\"cls-3\" x1=\"173.85\" y1=\"312.61\" x2=\"280.18\" y2=\"312.61\"><\/line>\n  <line class=\"cls-3\" x1=\"53.47\" y1=\"474.47\" x2=\"159.8\" y2=\"474.47\"><\/line>\n  <line class=\"cls-3\" x1=\"53.47\" y1=\"468.62\" x2=\"159.8\" y2=\"468.62\"><\/line>\n  <line class=\"cls-3\" x1=\"53.47\" y1=\"462.77\" x2=\"159.8\" y2=\"462.77\"><\/line>\n  <line class=\"cls-3\" x1=\"53.47\" y1=\"456.92\" x2=\"159.8\" y2=\"456.92\"><\/line>\n  <line class=\"cls-3\" x1=\"53.47\" y1=\"451.07\" x2=\"159.8\" y2=\"451.07\"><\/line>\n  <line class=\"cls-3\" x1=\"53.47\" y1=\"445.22\" x2=\"159.8\" y2=\"445.22\"><\/line>\n  <line class=\"cls-3\" x1=\"53.47\" y1=\"439.37\" x2=\"159.8\" y2=\"439.37\"><\/line>\n  <line class=\"cls-3\" x1=\"53.47\" y1=\"433.51\" x2=\"159.8\" y2=\"433.51\"><\/line>\n  <line class=\"cls-3\" x1=\"53.47\" y1=\"427.66\" x2=\"159.8\" y2=\"427.66\"><\/line>\n  <line class=\"cls-3\" x1=\"53.47\" y1=\"421.81\" x2=\"159.8\" y2=\"421.81\"><\/line>\n  <line class=\"cls-3\" x1=\"53.47\" y1=\"416.52\" x2=\"159.8\" y2=\"416.52\"><\/line>\n  <line class=\"cls-3\" x1=\"173.85\" y1=\"306.34\" x2=\"280.18\" y2=\"306.34\"><\/line>\n  <line class=\"cls-3\" x1=\"173.85\" y1=\"300.49\" x2=\"280.18\" y2=\"300.49\"><\/line>\n  <line class=\"cls-3\" x1=\"173.85\" y1=\"294.64\" x2=\"280.18\" y2=\"294.64\"><\/line>\n  <line class=\"cls-3\" x1=\"173.85\" y1=\"288.79\" x2=\"280.18\" y2=\"288.79\"><\/line>\n  <line class=\"cls-3\" x1=\"173.85\" y1=\"283.5\" x2=\"280.18\" y2=\"283.5\"><\/line>\n  <line class=\"cls-3\" x1=\"173.85\" y1=\"278.21\" x2=\"280.18\" y2=\"278.21\"><\/line>\n  <line class=\"cls-3\" x1=\"173.85\" y1=\"272.36\" x2=\"280.18\" y2=\"272.36\"><\/line>\n  <line class=\"cls-3\" x1=\"173.85\" y1=\"266.51\" x2=\"280.18\" y2=\"266.51\"><\/line>\n  <line class=\"cls-3\" x1=\"173.85\" y1=\"260.66\" x2=\"280.18\" y2=\"260.66\"><\/line>\n  <line class=\"cls-3\" x1=\"173.85\" y1=\"254.8\" x2=\"280.18\" y2=\"254.8\"><\/line>\n  <line class=\"cls-3\" x1=\"173.85\" y1=\"248.95\" x2=\"280.18\" y2=\"248.95\"><\/line>\n  <line class=\"cls-3\" x1=\"173.85\" y1=\"243.1\" x2=\"280.18\" y2=\"243.1\"><\/line>\n  <line class=\"cls-3\" x1=\"173.85\" y1=\"237.25\" x2=\"280.18\" y2=\"237.25\"><\/line>\n  <line class=\"cls-3\" x1=\"173.85\" y1=\"231.4\" x2=\"280.18\" y2=\"231.4\"><\/line>\n  <line class=\"cls-3\" x1=\"173.85\" y1=\"225.55\" x2=\"280.18\" y2=\"225.55\"><\/line>\n  <line class=\"cls-3\" x1=\"173.85\" y1=\"219.7\" x2=\"280.18\" y2=\"219.7\"><\/line>\n  <line class=\"cls-3\" x1=\"173.85\" y1=\"214.41\" x2=\"280.18\" y2=\"214.41\"><\/line>\n  <line class=\"cls-3\" x1=\"173.85\" y1=\"209.12\" x2=\"280.18\" y2=\"209.12\"><\/line>\n  <line class=\"cls-3\" x1=\"173.85\" y1=\"203.27\" x2=\"280.18\" y2=\"203.27\"><\/line>\n  <line class=\"cls-3\" x1=\"173.85\" y1=\"197.42\" x2=\"280.18\" y2=\"197.42\"><\/line>\n  <line class=\"cls-3\" x1=\"173.85\" y1=\"191.57\" x2=\"280.18\" y2=\"191.57\"><\/line>\n  <line class=\"cls-3\" x1=\"173.85\" y1=\"185.72\" x2=\"280.18\" y2=\"185.72\"><\/line>\n  <line class=\"cls-3\" x1=\"173.85\" y1=\"179.86\" x2=\"280.18\" y2=\"179.86\"><\/line>\n  <line class=\"cls-3\" x1=\"173.85\" y1=\"174.01\" x2=\"280.18\" y2=\"174.01\"><\/line>\n  <line class=\"cls-3\" x1=\"173.85\" y1=\"168.16\" x2=\"280.18\" y2=\"168.16\"><\/line>\n  <line class=\"cls-3\" x1=\"173.85\" y1=\"162.31\" x2=\"280.18\" y2=\"162.31\"><\/line>\n  <line class=\"cls-3\" x1=\"173.85\" y1=\"156.46\" x2=\"280.18\" y2=\"156.46\"><\/line>\n  <line class=\"cls-3\" x1=\"173.85\" y1=\"150.61\" x2=\"280.18\" y2=\"150.61\"><\/line>\n  <line class=\"cls-3\" x1=\"173.85\" y1=\"145.32\" x2=\"280.18\" y2=\"145.32\"><\/line>\n  <line class=\"cls-2\" x1=\"161.17\" y1=\"272.9\" x2=\"166.63\" y2=\"243.04\"><\/line>\n  <path class=\"cls-5\" d=\"m166.7,241.26c0-2.34-.93-4.46-2.43-6.03.28-.85.43-1.75.43-2.7,0-4.82-3.91-8.73-8.73-8.73-2.33,0-4.45.92-6.01,2.41-.24-4.6-4.04-8.26-8.71-8.26-4.32,0-7.9,3.14-8.6,7.27l-.31-.05c.08-.48.13-.96.13-1.46,0-4.82-3.91-8.73-8.73-8.73s-8.73,3.91-8.73,8.73c0,.29.02.57.04.85-.96-3.77-4.38-6.57-8.45-6.57-4.82,0-8.73,3.91-8.73,8.73,0,1.55.41,3,1.11,4.26l-1.32.74c-1.49-2.67-4.34-4.47-7.62-4.47-4.82,0-8.73,3.91-8.73,8.73,0,2.79,1.31,5.27,3.35,6.86l-.51.66c-1.53-1.33-3.52-2.14-5.71-2.14-4.82,0-8.73,3.91-8.73,8.73,0,3.84,2.48,7.09,5.92,8.26v1.21c-1.87-.67-3.99-.7-6.01.06-4.5,1.72-6.77,6.76-5.05,11.26,1.72,4.51,6.76,6.77,11.26,5.05l.2,1.25c-.15,0-.3-.02-.45-.02-4.82,0-8.73,3.91-8.73,8.73,0,4.13,2.87,7.58,6.72,8.49-2.33,1.57-3.87,4.23-3.87,7.25,0,4.82,3.91,8.73,8.73,8.73,2.06,0,3.96-.72,5.45-1.92,2.59-.39,4.79-1.95,6.06-4.12,4.44-.41,7.92-4.14,7.92-8.69,0-1-.18-1.95-.48-2.84.16,0,.32.02.48.02,4.82,0,8.73-3.91,8.73-8.73,0-3.31-1.85-6.2-4.57-7.68,4.21-.63,7.43-4.24,7.43-8.62,0-2.68-1.21-5.07-3.11-6.68,1.9-1.6,3.11-4,3.11-6.68,0-.93-.15-1.82-.42-2.66,1.59,1.66,3.82,2.7,6.3,2.7,2.94,0,5.53-1.46,7.11-3.68,1.59,2.18,4.15,3.6,7.05,3.6s5.43-1.4,7.02-3.56c1.54,2.49,4.28,4.15,7.42,4.15,2.49,0,4.72-1.04,6.31-2.71,1.59,2.14,4.13,3.53,7,3.53,4.82,0,8.73-3.91,8.73-8.73,0-.66-.08-1.3-.22-1.92.58-1.17.91-2.47.91-3.86Z\"><\/path>\n  <line class=\"cls-3\" x1=\"173.43\" y1=\"140.35\" x2=\"279.76\" y2=\"140.35\"><\/line>\n  <line class=\"cls-3\" x1=\"173.43\" y1=\"134.5\" x2=\"279.76\" y2=\"134.5\"><\/line>\n  <line class=\"cls-3\" x1=\"173.43\" y1=\"128.65\" x2=\"279.76\" y2=\"128.65\"><\/line>\n  <line class=\"cls-3\" x1=\"173.43\" y1=\"122.8\" x2=\"279.76\" y2=\"122.8\"><\/line>\n  <line class=\"cls-3\" x1=\"173.43\" y1=\"116.95\" x2=\"279.76\" y2=\"116.95\"><\/line>\n  <line class=\"cls-3\" x1=\"173.43\" y1=\"111.1\" x2=\"279.76\" y2=\"111.1\"><\/line>\n  <line class=\"cls-3\" x1=\"173.43\" y1=\"105.25\" x2=\"279.76\" y2=\"105.25\"><\/line>\n  <line class=\"cls-3\" x1=\"173.43\" y1=\"99.4\" x2=\"279.76\" y2=\"99.4\"><\/line>\n  <line class=\"cls-3\" x1=\"173.43\" y1=\"93.55\" x2=\"279.76\" y2=\"93.55\"><\/line>\n  <line class=\"cls-3\" x1=\"173.43\" y1=\"88.26\" x2=\"279.76\" y2=\"88.26\"><\/line>\n  <line class=\"cls-3\" x1=\"498.43\" y1=\"308.35\" x2=\"604.76\" y2=\"308.35\"><\/line>\n  <line class=\"cls-3\" x1=\"498.43\" y1=\"302.5\" x2=\"604.76\" y2=\"302.5\"><\/line>\n  <line class=\"cls-3\" x1=\"498.43\" y1=\"296.65\" x2=\"604.76\" y2=\"296.65\"><\/line>\n  <line class=\"cls-3\" x1=\"498.43\" y1=\"290.8\" x2=\"604.76\" y2=\"290.8\"><\/line>\n  <line class=\"cls-3\" x1=\"498.43\" y1=\"284.95\" x2=\"604.76\" y2=\"284.95\"><\/line>\n  <line class=\"cls-3\" x1=\"498.43\" y1=\"279.1\" x2=\"604.76\" y2=\"279.1\"><\/line>\n  <line class=\"cls-3\" x1=\"498.43\" y1=\"273.25\" x2=\"604.76\" y2=\"273.25\"><\/line>\n  <line class=\"cls-3\" x1=\"498.43\" y1=\"267.4\" x2=\"604.76\" y2=\"267.4\"><\/line>\n  <line class=\"cls-3\" x1=\"498.43\" y1=\"261.55\" x2=\"604.76\" y2=\"261.55\"><\/line>\n  <line class=\"cls-3\" x1=\"498.43\" y1=\"256.26\" x2=\"604.76\" y2=\"256.26\"><\/line>\n  <line class=\"cls-3\" x1=\"183.43\" y1=\"83.35\" x2=\"289.76\" y2=\"83.35\"><\/line>\n  <line class=\"cls-3\" x1=\"183.43\" y1=\"77.5\" x2=\"289.76\" y2=\"77.5\"><\/line>\n  <line class=\"cls-3\" x1=\"183.43\" y1=\"71.65\" x2=\"289.76\" y2=\"71.65\"><\/line>\n  <line class=\"cls-3\" x1=\"183.43\" y1=\"65.8\" x2=\"289.76\" y2=\"65.8\"><\/line>\n  <line class=\"cls-3\" x1=\"183.43\" y1=\"59.95\" x2=\"289.76\" y2=\"59.95\"><\/line>\n  <line class=\"cls-3\" x1=\"183.43\" y1=\"54.1\" x2=\"289.76\" y2=\"54.1\"><\/line>\n  <line class=\"cls-3\" x1=\"183.43\" y1=\"48.25\" x2=\"289.76\" y2=\"48.25\"><\/line>\n  <line class=\"cls-3\" x1=\"183.43\" y1=\"42.4\" x2=\"289.76\" y2=\"42.4\"><\/line>\n  <line class=\"cls-3\" x1=\"173.43\" y1=\"36.35\" x2=\"279.76\" y2=\"36.35\"><\/line>\n  <line class=\"cls-3\" x1=\"173.43\" y1=\"30.5\" x2=\"279.76\" y2=\"30.5\"><\/line>\n  <line class=\"cls-3\" x1=\"173.43\" y1=\"24.65\" x2=\"279.76\" y2=\"24.65\"><\/line>\n  <line class=\"cls-3\" x1=\"173.43\" y1=\"18.8\" x2=\"279.76\" y2=\"18.8\"><\/line>\n  <line class=\"cls-3\" x1=\"173.43\" y1=\"12.95\" x2=\"279.76\" y2=\"12.95\"><\/line>\n  <line class=\"cls-3\" x1=\"173.43\" y1=\"7.1\" x2=\"279.76\" y2=\"7.1\"><\/line>\n  <line class=\"cls-3\" x1=\"173.43\" y1=\"1.25\" x2=\"279.76\" y2=\"1.25\"><\/line>\n<\/svg>\n\n<\/div><\/div><div  style=\"--grid-layout-index: 2; --col-xs: 2; --col-sm: 2; --col-md: 1; --col-lg: 1; --col-xl: 1\" class=\"section-item\"><div class=\"cell style-default\"><h1>l&#8217;\u00c9tude<\/h1>\n<p>Dans le cadre d&#8217;une \u00e9tude scientifique, nous souhaitons analyser les examens cardiaques de routine d&#8217;ancien.ne.s patient.e.s atteint.e.s de cancer p\u00e9diatrique et en apprendre plus sur les \u00e9ventuels probl\u00e8mes cardiaques apr\u00e8s un traitement anticanc\u00e9reux pendant l&#8217;enfance. L&#8217;objectif de l&#8217;\u00e9tude est d&#8217;identifier les patient.e.s pr\u00e9sentant un risque accru de probl\u00e8mes cardiaques et d&#8217;am\u00e9liorer leur suivi cardiaque de mani\u00e8re cibl\u00e9e \u00e0 l&#8217;avenir. Pour ce faire, nous avons mis en place en 2016, en \u00e9troite collaboration entre les services de cardiologie, d&#8217;h\u00e9matologie et oncologie p\u00e9diatrique, une nouvelle consultation de cardio-oncologie pour les survivant.e.s \u00e0 l&#8217;H\u00f4pital de l&#8217;\u00cele. En 2021, nous avons pu gagner en plus les centres de B\u00e2le, Lucerne, Gen\u00e8ve et Saint-Gall. Les examens effectu\u00e9s dans le cadre de la consultation sp\u00e9cialis\u00e9e font partie de la routine clinique. L&#8217;\u00e9tude ne recense et n&#8217;analyse que les r\u00e9sultats d&#8217;examens standardis\u00e9s concernant la sant\u00e9 cardiaque.<\/p>\n<p>Les nouvelles conclusions de l&#8217;\u00e9tude influeront sur les recommandations futures en mati\u00e8re de suivi cardiaque.<\/p>\n<p>Si vous d\u00e9cidez de participer \u00e0 l&#8217;\u00e9tude, nous vous prions de signer une d\u00e9claration de consentement \u00e0 l\u2019h\u00f4pital en avance pour que nous puissions saisir les donn\u00e9es dans notre base de donn\u00e9es. Vous pouvez annuler votre consentement \u00e0 tout moment et sans justification. Vos donn\u00e9es seront encod\u00e9es dans la base de donn\u00e9es, de sorte qu\u2019aucune conclusion sur votre personne par des personnes inconnues n\u2019est possible.<\/p>\n<\/div><\/div><\/div>\n<\/div><div  class=\"page-section style-default order-md-reversed order-lg-reversed order-xl-reversed\">\n\t<div class=\"section-grid grid-layout\"><div  style=\"--grid-layout-index: 1; --col-xs: 2; --col-sm: 2; --col-md: 1; --col-lg: 1; --col-xl: 1\" class=\"section-item\"><div class=\"cell style-default\"><h2>Coop\u00e9ration<\/h2>\n<p>L\u2019\u00e9tude a \u00e9t\u00e9 lanc\u00e9e en tant que premier centre en 2016 \u00e0 l\u2019H\u00f4pital de l\u2019\u00cele \u00e0 Berne.<br \/>\nA Berne et \u00e0 Lucerne, les consultations ont lieu en collaboration avec la consultation Passeport for Care.<\/p>\n<p><img loading=\"lazy\" decoding=\"async\" class=\"alignnone size-medium wp-image-1310\" src=\"https:\/\/cardiosurvivor.ch\/wp-content\/uploads\/Screenshot-2025-03-10-161448-300x154.png\" alt=\"\" width=\"300\" height=\"154\" \/><\/p>\n\n<p>Ici, vous pouvez vous inscrire pour une consultation \u00e0 Berne:<\/p>\n\n<div class=\"buttons\">\n\t<div class=\"button-group\">\n\n\t\t\t<a\n\t\t\t\thref=\"http:\/\/www.inneremedizin.insel.ch\/de\/patientinnen-patienten-und-besuchende\/ambulante-behandlung\/cancer-survivor-sprechstunde\" target=\"_blank\" rel=\"noopener\" class=\"button style-default\"\n\t\t\t>\n\t\t\t\tInselspital, Universit\u00e4tsspital Bern\n\t\t\t<\/a>\n\t<\/div>\n<\/div>\n<p>Ici, vous trouverez de plus amples informations sur l&#8217;offre et l&#8217;inscription \u00e0 Lucerne:<\/p>\n\n<div class=\"buttons\">\n\t<div class=\"button-group\">\n\n\t\t\t<a\n\t\t\t\thref=\"https:\/\/www.luks.ch\/standorte\/standort-luzern\/innere-medizin\/leistungsangebot-innere-medizin-luzern\/childhood-cancer-survivor-nachsorgesprechstunde\" target=\"_blank\" rel=\"noopener\" class=\"button style-default\"\n\t\t\t>\n\t\t\t\tLuzerner Kantonsspital\n\t\t\t<\/a>\n\t<\/div>\n<\/div><\/div><\/div><div  style=\"--grid-layout-index: 2; --col-xs: 2; --col-sm: 2; --col-md: 1; --col-lg: 1; --col-xl: 1\" class=\"section-item\"><div class=\"cell style-default\"><h2>L&#8217;\u00e9tude en bref<\/h2>\n\n<div style=\"width: 640px;\" class=\"wp-video\"><video class=\"wp-video-shortcode\" id=\"video-1304-1\" width=\"640\" height=\"360\" poster=\"https:\/\/cardiosurvivor.ch\/wp-content\/uploads\/thumbnail_cardioonco.jpg\" preload=\"metadata\" controls=\"controls\"><source type=\"video\/mp4\" src=\"https:\/\/cardiosurvivor.ch\/wp-content\/uploads\/simpleshow_CardioOnco_Franz.mp4?_=1\" \/><a href=\"https:\/\/cardiosurvivor.ch\/wp-content\/uploads\/simpleshow_CardioOnco_Franz.mp4\">https:\/\/cardiosurvivor.ch\/wp-content\/uploads\/simpleshow_CardioOnco_Franz.mp4<\/a><\/video><\/div>\n<\/div><\/div><\/div>\n<\/div>","protected":false},"excerpt":{"rendered":"<p>study l&#8217;\u00c9tude Dans le cadre d&#8217;une \u00e9tude scientifique, nous souhaitons analyser les examens cardiaques de routine d&#8217;ancien.ne.s patient.e.s atteint.e.s de cancer p\u00e9diatrique et en apprendre plus sur les \u00e9ventuels probl\u00e8mes cardiaques apr\u00e8s un traitement anticanc\u00e9reux pendant l&#8217;enfance. L&#8217;objectif de l&#8217;\u00e9tude est d&#8217;identifier les patient.e.s pr\u00e9sentant un risque accru de probl\u00e8mes cardiaques et d&#8217;am\u00e9liorer leur suivi [&hellip;]<\/p>\n","protected":false},"author":7,"featured_media":0,"parent":0,"menu_order":0,"comment_status":"closed","ping_status":"closed","template":"","meta":{"_acf_changed":false,"inline_featured_image":false,"footnotes":""},"class_list":["post-1304","page","type-page","status-publish","hentry"],"acf":[],"_links":{"self":[{"href":"https:\/\/cardiosurvivor.ch\/fr\/wp-json\/wp\/v2\/pages\/1304","targetHints":{"allow":["GET"]}}],"collection":[{"href":"https:\/\/cardiosurvivor.ch\/fr\/wp-json\/wp\/v2\/pages"}],"about":[{"href":"https:\/\/cardiosurvivor.ch\/fr\/wp-json\/wp\/v2\/types\/page"}],"author":[{"embeddable":true,"href":"https:\/\/cardiosurvivor.ch\/fr\/wp-json\/wp\/v2\/users\/7"}],"replies":[{"embeddable":true,"href":"https:\/\/cardiosurvivor.ch\/fr\/wp-json\/wp\/v2\/comments?post=1304"}],"version-history":[{"count":5,"href":"https:\/\/cardiosurvivor.ch\/fr\/wp-json\/wp\/v2\/pages\/1304\/revisions"}],"predecessor-version":[{"id":1396,"href":"https:\/\/cardiosurvivor.ch\/fr\/wp-json\/wp\/v2\/pages\/1304\/revisions\/1396"}],"wp:attachment":[{"href":"https:\/\/cardiosurvivor.ch\/fr\/wp-json\/wp\/v2\/media?parent=1304"}],"curies":[{"name":"wp","href":"https:\/\/api.w.org\/{rel}","templated":true}]}}