{"id":1254,"date":"2025-03-10T11:21:44","date_gmt":"2025-03-10T10:21:44","guid":{"rendered":"https:\/\/cardiosurvivor.ch\/?page_id=1254"},"modified":"2025-04-28T14:54:57","modified_gmt":"2025-04-28T12:54:57","slug":"1254-2","status":"publish","type":"page","link":"https:\/\/cardiosurvivor.ch\/fr\/1254-2\/","title":{"rendered":"Actualit\u00e9"},"content":{"rendered":"<div  class=\"page-section style-default\">\n\t<div class=\"section-grid grid-layout\"><div  style=\"--grid-layout-index: 1\" class=\"section-item\"><div class=\"cell style-default\"><h1>Actualit\u00e9<\/h1>\n<p>Vous trouverez ici les nouveaux r\u00e9sultats de recherche et l&#8217;actualit\u00e9 de notre \u00e9tude.<\/p>\n<\/div><\/div><\/div>\n<\/div><div class=\"recent-posts-section page-section style-default\">\n\t<div class=\"section-grid grid-layout\">\n\n\t\t\t<article class=\"section-item\" style=\"--grid-layout-index: 1; --col-xs: 2; --col-sm: 2; --col-md: 1; --col-lg: 1; --col-xl: 1\">\n\t\t\t\t<div class=\"cell\">\n\t\t\t\t\t<h2>100e participant\u00b7e dans notre \u00e9tude \u00e0 Lucerne<\/h2>\n\t\t\t\t\t<p>En d\u00e9cembre 2025, nous avons eu le plaisir d&#8217;inclure notre 100e participant\u00b7e dans notre \u00e9tude \u00e0 l&#8217;H\u00f4pital cantonal de Lucerne. Au total, plus de 600 ancien\u00b7ne\u00b7s patient\u00b7e\u00b7s atteint\u00b7e\u00b7s d&#8217;un cancer de l&#8217;enfant ont particip\u00e9 \u00e0 l&#8217;\u00e9tude jusqu&#8217;\u00e0 pr\u00e9sent. Nous remercions chaleureusement tou\u00b7te\u00b7s les participant\u00b7e\u00b7s \u00e0 l&#8217;\u00e9tude pour leur confiance, ainsi que le Dr m\u00e9d. Reto [&hellip;]<\/p>\n\n\n\t\t\t\t\t<a href=\"https:\/\/cardiosurvivor.ch\/fr\/automatisch-gespeicherter-entwurf\/\">\n\t\t\t\t\t\t\u2192 <span class=\"post-link-text\">en savoir plus<\/span>\n\t\t\t\t\t<\/a>\n\n<img loading=\"lazy\" decoding=\"async\" width=\"748\" height=\"1000\" src=\"https:\/\/cardiosurvivor.ch\/wp-content\/uploads\/Bild1-e1774444547723.jpg\" class=\"post-thumbnail wp-post-image\" alt=\"\" srcset=\"https:\/\/cardiosurvivor.ch\/wp-content\/uploads\/Bild1-e1774444547723.jpg 748w, https:\/\/cardiosurvivor.ch\/wp-content\/uploads\/Bild1-e1774444547723-224x300.jpg 224w, https:\/\/cardiosurvivor.ch\/wp-content\/uploads\/Bild1-e1774444547723-425x568.jpg 425w, https:\/\/cardiosurvivor.ch\/wp-content\/uploads\/Bild1-e1774444547723-396x529.jpg 396w\" sizes=\"auto, (max-width: 748px) 100vw, 748px\" \/>\t\t\t\t<\/div>\n\t\t\t<\/article>\n\t\t\t<article class=\"section-item\" style=\"--grid-layout-index: 1; --col-xs: 2; --col-sm: 2; --col-md: 1; --col-lg: 1; --col-xl: 1\">\n\t\t\t\t<div class=\"cell\">\n\t\t\t\t\t<h2>Les effets cardiaques tardifs d&#8217;un traitement anticanc\u00e9reux et les possibilit\u00e9s de pr\u00e9vention<\/h2>\n\t\t\t\t\t<h3>Nouvel article publi\u00e9<\/h3>\n\t\t\t\t\t<p>Aujourd&#8217;hui, gr\u00e2ce aux progr\u00e8s de la m\u00e9decine, quatre enfants sur cinq atteints de cancer peuvent \u00eatre gu\u00e9ris. Les th\u00e9rapies anticanc\u00e9reuses comportent toutefois des risques de s\u00e9quelles. Diff\u00e9rentes approches sont utilis\u00e9es pour pr\u00e9venir ces probl\u00e8mes cardiaques. <\/p>\n\n\n\t\t\t\t\t<a href=\"https:\/\/cardiosurvivor.ch\/fr\/les-effets-cardiaques-tardifs-dun-traitement-anticancereux-et-les-possibilites-de-prevention\/\">\n\t\t\t\t\t\t\u2192 <span class=\"post-link-text\">en savoir plus<\/span>\n\t\t\t\t\t<\/a>\n\n<img loading=\"lazy\" decoding=\"async\" width=\"300\" height=\"300\" src=\"https:\/\/cardiosurvivor.ch\/wp-content\/uploads\/AdobeStock_10399372903-1-e1741616782204.jpg\" class=\"post-thumbnail wp-post-image\" alt=\"\" \/>\t\t\t\t<\/div>\n\t\t\t<\/article>\n\t\t\t<article class=\"section-item\" style=\"--grid-layout-index: 1; --col-xs: 2; --col-sm: 2; --col-md: 1; --col-lg: 1; --col-xl: 1\">\n\t\t\t\t<div class=\"cell\">\n\t\t\t\t\t<h2>Fatigue chronique apr\u00e8s un cancer de l&#8217;enfant<\/h2>\n\t\t\t\t\t<h3>Nouveaux r\u00e9sultats<\/h3>\n\t\t\t\t\t<p>Pr\u00e8s d&#8217;un cinqui\u00e8me des adultes ayant surv\u00e9cu \u00e0 un cancer de l&#8217;enfant se sentent souvent fatigu\u00e9s. <\/p>\n\n\n\t\t\t\t\t<a href=\"https:\/\/cardiosurvivor.ch\/fr\/risk-factors-for-cancer-related-fatigue-in-adult-survivors-of-childhood-cancer\/\">\n\t\t\t\t\t\t\u2192 <span class=\"post-link-text\">en savoir plus<\/span>\n\t\t\t\t\t<\/a>\n\n<img loading=\"lazy\" decoding=\"async\" width=\"640\" height=\"427\" src=\"https:\/\/cardiosurvivor.ch\/wp-content\/uploads\/Sunset.jpg\" class=\"post-thumbnail wp-post-image\" alt=\"\" srcset=\"https:\/\/cardiosurvivor.ch\/wp-content\/uploads\/Sunset.jpg 640w, https:\/\/cardiosurvivor.ch\/wp-content\/uploads\/Sunset-300x200.jpg 300w\" sizes=\"auto, (max-width: 640px) 100vw, 640px\" \/>\t\t\t\t<\/div>\n\t\t\t<\/article>\n\t\t\t<article class=\"section-item\" style=\"--grid-layout-index: 1; --col-xs: 2; --col-sm: 2; --col-md: 1; --col-lg: 1; --col-xl: 1\">\n\t\t\t\t<div class=\"cell\">\n\t\t\t\t\t<h2>Coop\u00e9ration<\/h2>\n\t\t\t\t\t<p>L&#8217;\u00e9tude a \u00e9t\u00e9 lanc\u00e9e en tant que premier centre en 2016 \u00e0 l&#8217;H\u00f4pital de l&#8217;\u00cele \u00e0 Berne.<br \/>\nA Berne et \u00e0 Lucerne, les consultations ont lieu en collaboration avec la consultation Passeport for Care.<\/p>\n\n\n\t\t\t\t\t<a href=\"https:\/\/cardiosurvivor.ch\/fr\/cooperation\/\">\n\t\t\t\t\t\t\u2192 <span class=\"post-link-text\">en savoir plus<\/span>\n\t\t\t\t\t<\/a>\n\n<img loading=\"lazy\" decoding=\"async\" width=\"859\" height=\"408\" src=\"https:\/\/cardiosurvivor.ch\/wp-content\/uploads\/passport-for-care.jpg\" class=\"post-thumbnail wp-post-image\" alt=\"\" srcset=\"https:\/\/cardiosurvivor.ch\/wp-content\/uploads\/passport-for-care.jpg 859w, https:\/\/cardiosurvivor.ch\/wp-content\/uploads\/passport-for-care-300x142.jpg 300w, https:\/\/cardiosurvivor.ch\/wp-content\/uploads\/passport-for-care-768x365.jpg 768w\" sizes=\"auto, (max-width: 859px) 100vw, 859px\" \/>\t\t\t\t<\/div>\n\t\t\t<\/article>\n\t<\/div>\n<\/div>\n","protected":false},"excerpt":{"rendered":"<p>Ici, vous pouvez vous inscrire pour une consultation \u00e0 Berne: Inselspital, Universit\u00e4tsspital Bern Ici, vous trouverez de plus amples informations sur l&#8217;offre et l&#8217;inscription \u00e0 Lucerne: Luzerner Kantonsspital<\/p>\n","protected":false},"author":5,"featured_media":0,"parent":0,"menu_order":0,"comment_status":"closed","ping_status":"closed","template":"","meta":{"_acf_changed":false,"inline_featured_image":false,"footnotes":""},"class_list":["post-1254","page","type-page","status-publish","hentry"],"acf":[],"_links":{"self":[{"href":"https:\/\/cardiosurvivor.ch\/fr\/wp-json\/wp\/v2\/pages\/1254","targetHints":{"allow":["GET"]}}],"collection":[{"href":"https:\/\/cardiosurvivor.ch\/fr\/wp-json\/wp\/v2\/pages"}],"about":[{"href":"https:\/\/cardiosurvivor.ch\/fr\/wp-json\/wp\/v2\/types\/page"}],"author":[{"embeddable":true,"href":"https:\/\/cardiosurvivor.ch\/fr\/wp-json\/wp\/v2\/users\/5"}],"replies":[{"embeddable":true,"href":"https:\/\/cardiosurvivor.ch\/fr\/wp-json\/wp\/v2\/comments?post=1254"}],"version-history":[{"count":10,"href":"https:\/\/cardiosurvivor.ch\/fr\/wp-json\/wp\/v2\/pages\/1254\/revisions"}],"predecessor-version":[{"id":1380,"href":"https:\/\/cardiosurvivor.ch\/fr\/wp-json\/wp\/v2\/pages\/1254\/revisions\/1380"}],"wp:attachment":[{"href":"https:\/\/cardiosurvivor.ch\/fr\/wp-json\/wp\/v2\/media?parent=1254"}],"curies":[{"name":"wp","href":"https:\/\/api.w.org\/{rel}","templated":true}]}}